{"id":2037,"date":"2024-04-22T11:00:12","date_gmt":"2024-04-22T04:00:12","guid":{"rendered":"https:\/\/abaii.com.vn\/?page_id=2037"},"modified":"2024-05-13T16:15:24","modified_gmt":"2024-05-13T09:15:24","slug":"training-consulting","status":"publish","type":"page","link":"https:\/\/abaii.com.vn\/en\/training-consulting\/","title":{"rendered":"Training - Consulting"},"content":{"rendered":"<div data-elementor-type=\"wp-page\" data-elementor-id=\"2037\" class=\"elementor elementor-2037\" data-elementor-post-type=\"page\">\n\t\t\t\t\t\t<section class=\"elementor-section elementor-top-section elementor-element elementor-element-1f1511e4 elementor-section-boxed elementor-section-height-default elementor-section-height-default\" data-id=\"1f1511e4\" data-element_type=\"section\" id=\"content-section-id\" data-settings=\"{&quot;wdt_bg_image&quot;:{&quot;url&quot;:&quot;&quot;,&quot;id&quot;:&quot;&quot;,&quot;size&quot;:&quot;&quot;},&quot;wdt_bg_image_widescreen&quot;:{&quot;url&quot;:&quot;&quot;,&quot;id&quot;:&quot;&quot;,&quot;size&quot;:&quot;&quot;},&quot;wdt_bg_image_laptop&quot;:{&quot;url&quot;:&quot;&quot;,&quot;id&quot;:&quot;&quot;,&quot;size&quot;:&quot;&quot;},&quot;wdt_bg_image_tablet_extra&quot;:{&quot;url&quot;:&quot;&quot;,&quot;id&quot;:&quot;&quot;,&quot;size&quot;:&quot;&quot;},&quot;wdt_bg_image_tablet&quot;:{&quot;url&quot;:&quot;&quot;,&quot;id&quot;:&quot;&quot;,&quot;size&quot;:&quot;&quot;},&quot;wdt_bg_image_mobile_extra&quot;:{&quot;url&quot;:&quot;&quot;,&quot;id&quot;:&quot;&quot;,&quot;size&quot;:&quot;&quot;},&quot;wdt_bg_image_mobile&quot;:{&quot;url&quot;:&quot;&quot;,&quot;id&quot;:&quot;&quot;,&quot;size&quot;:&quot;&quot;},&quot;wdt_bg_position&quot;:&quot;center center&quot;,&quot;wdt_animation_effect&quot;:&quot;none&quot;}\">\n\t\t\t\t\t\t<div class=\"elementor-container elementor-column-gap-default\">\n\t\t\t\t\t<div class=\"elementor-column elementor-col-100 elementor-top-column elementor-element elementor-element-3273eb\" data-id=\"3273eb\" data-element_type=\"column\">\n\t\t\t<div class=\"elementor-widget-wrap elementor-element-populated\">\n\t\t\t\t\t\t<div class=\"elementor-element elementor-element-4156d0e elementor-widget elementor-widget-text-editor\" data-id=\"4156d0e\" data-element_type=\"widget\" data-settings=\"{&quot;wdt_animation_effect&quot;:&quot;none&quot;}\" data-widget_type=\"text-editor.default\">\n\t\t\t\t<div class=\"elementor-widget-container\">\n\t\t\t\t\t\t\t\t\t<p><\/p>\n<p>Academy of Blockchain and Artificial Intelligence Innovation - ABAII was established with the mission of training high-quality human resources for the Blockchain and Artificial Intelligence industry in Vietnam. ABAII Institute will provide systematic training programs, updated with the latest trends, to meet market needs. With a team of experienced, dedicated lecturers and a modern, creative learning environment, ABAII is committed to providing students with the best learning experience and open career opportunities.<\/p>\n<p><\/p>\n<p>ABAII aims to become Vietnam's leading Blockchain and Artificial Intelligence training center with the mission of popularizing knowledge; our goal is to have more than 1,000,000 Vietnamese people understand Blockchain and AI by 2030.<br>At the same time, we intend to provide training, support, legal consulting, software solution research, and software application services for more than 1,000 businesses that use Blockchain and AI as the leading technologies to promote their business and expand their market share in Vietnam.<\/p>\n<p><\/p>\n<p><strong>Our training participants<\/strong><\/p>\n<p><\/p>\n<p>1. STUDENTS OF UNIVERSITIES AND COLLEGES NATIONWIDE<\/p>\n<p><\/p>\n<p><strong>The goal: <\/strong>To equip students with basic knowledge of Blockchain and Artificial Intelligence, train programming skills, and help them apply these technologies to practical fields while helping them orient their careers and connect with jobs after training.<\/p>\n<p><\/p>\n<p>Training program (tentative)<br>&#8211; <strong>Basic level <\/strong>Fundamental Blockchain and AI, Basic programming, Mathematics and Statistics, Blockchain and AI applications in each field.<br>&#8211; <strong>Advance Level:<\/strong> Choose a major based on your personal interests such as Blockchain Development, Machine Learning, Natural Language Processing, Computer Vision, etc.<\/p>\n<p><\/p>\n<p>2. IT PROFESSIONALS:<\/p>\n<p><\/p>\n<p><strong>The goal: <\/strong>To update with the latest knowledge of Blockchain and AI and enhance skills in applying these technologies to current work.<\/p>\n<p><\/p>\n<p>Training program (tentative)<br>&#8211; <strong>Short course: <\/strong>Updates on the latest trends, soft skills, and project management.<br>&#8211; <strong>Advance Level:<\/strong> Advanced professional skills in Blockchain and AI.<\/p>\n<p><\/p>\n<p>3. ENTERPRISE<br><strong>The goal:<\/strong> To support businesses in digital transformation, applying Blockchain and AI to their operations.<\/p>\n<p><\/p>\n<p>Training program (tentative)<br>&#8211; <strong>Training courses for staff<\/strong>: Raise awareness of Blockchain and AI and applying these technologies into workflows.<br>&#8211; <strong>Solution consulting<\/strong>: Support businesses in building digital transformation strategies and applying Blockchain and AI.<\/p>\n<p><\/p>\n<figure class=\"wp-block-image size-large\"><img fetchpriority=\"high\" decoding=\"async\" width=\"1024\" height=\"682\" class=\"wp-image-2192\" src=\"https:\/\/abaii.com.vn\/wp-content\/uploads\/2024\/04\/unitour2024-so-5-03-1024x682.jpeg\" alt=\"\" srcset=\"https:\/\/abaii.com.vn\/wp-content\/uploads\/2024\/04\/unitour2024-so-5-03-1024x682.jpeg 1024w, https:\/\/abaii.com.vn\/wp-content\/uploads\/2024\/04\/unitour2024-so-5-03-300x200.jpeg 300w, https:\/\/abaii.com.vn\/wp-content\/uploads\/2024\/04\/unitour2024-so-5-03-768x512.jpeg 768w, https:\/\/abaii.com.vn\/wp-content\/uploads\/2024\/04\/unitour2024-so-5-03-1536x1023.jpeg 1536w, https:\/\/abaii.com.vn\/wp-content\/uploads\/2024\/04\/unitour2024-so-5-03-18x12.jpeg 18w, https:\/\/abaii.com.vn\/wp-content\/uploads\/2024\/04\/unitour2024-so-5-03.jpeg 1600w\" sizes=\"(max-width: 1024px) 100vw, 1024px\" \/><\/figure>\n<p><\/p>\t\t\t\t\t\t\t\t<\/div>\n\t\t\t\t<\/div>\n\t\t\t\t\t<\/div>\n\t\t<\/div>\n\t\t\t\t\t<\/div>\n\t\t<\/section>\n\t\t\t\t<\/div>","protected":false},"excerpt":{"rendered":"<p>Vi\u1ec7n C\u00f4ng ngh\u1ec7 Blockchain v\u00e0 Tr\u00ed tu\u1ec7 nh\u00e2n t\u1ea1o ABAII \u0111\u01b0\u1ee3c th\u00e0nh l\u1eadp v\u1edbi s\u1ee9 m\u1ec7nh \u0111\u00e0o t\u1ea1o ngu\u1ed3n nh\u00e2n l\u1ef1c ch\u1ea5t l\u01b0\u1ee3ng cao cho ng\u00e0nh Blockchain v\u00e0 Tr\u00ed tu\u1ec7 nh\u00e2n t\u1ea1o t\u1ea1i Vi\u1ec7t Nam. Vi\u1ec7n ABAII s\u1ebd cung c\u1ea5p c\u00e1c ch\u01b0\u01a1ng tr\u00ecnh \u0111\u00e0o t\u1ea1o b\u00e0i b\u1ea3n, c\u1eadp nh\u1eadt xu h\u01b0\u1edbng m\u1edbi nh\u1ea5t, \u0111\u00e1p \u1ee9ng [&hellip;]<\/p>","protected":false},"author":1,"featured_media":2235,"parent":0,"menu_order":0,"comment_status":"closed","ping_status":"closed","template":"","meta":{"ngg_post_thumbnail":0,"footnotes":""},"class_list":["post-2037","page","type-page","status-publish","has-post-thumbnail","hentry"],"aioseo_notices":[],"_links":{"self":[{"href":"https:\/\/abaii.com.vn\/en\/wp-json\/wp\/v2\/pages\/2037","targetHints":{"allow":["GET"]}}],"collection":[{"href":"https:\/\/abaii.com.vn\/en\/wp-json\/wp\/v2\/pages"}],"about":[{"href":"https:\/\/abaii.com.vn\/en\/wp-json\/wp\/v2\/types\/page"}],"author":[{"embeddable":true,"href":"https:\/\/abaii.com.vn\/en\/wp-json\/wp\/v2\/users\/1"}],"replies":[{"embeddable":true,"href":"https:\/\/abaii.com.vn\/en\/wp-json\/wp\/v2\/comments?post=2037"}],"version-history":[{"count":30,"href":"https:\/\/abaii.com.vn\/en\/wp-json\/wp\/v2\/pages\/2037\/revisions"}],"predecessor-version":[{"id":2834,"href":"https:\/\/abaii.com.vn\/en\/wp-json\/wp\/v2\/pages\/2037\/revisions\/2834"}],"wp:featuredmedia":[{"embeddable":true,"href":"https:\/\/abaii.com.vn\/en\/wp-json\/wp\/v2\/media\/2235"}],"wp:attachment":[{"href":"https:\/\/abaii.com.vn\/en\/wp-json\/wp\/v2\/media?parent=2037"}],"curies":[{"name":"wp","href":"https:\/\/api.w.org\/{rel}","templated":true}]}}