{"id":2094,"date":"2024-04-22T12:53:43","date_gmt":"2024-04-22T05:53:43","guid":{"rendered":"https:\/\/abaii.com.vn\/?page_id=2094"},"modified":"2024-05-22T17:20:49","modified_gmt":"2024-05-22T10:20:49","slug":"events-unitour-2024","status":"publish","type":"page","link":"https:\/\/abaii.com.vn\/en\/events-unitour-2024\/","title":{"rendered":"Unitour 2024 Events"},"content":{"rendered":"<div data-elementor-type=\"wp-page\" data-elementor-id=\"2094\" class=\"elementor elementor-2094\" data-elementor-post-type=\"page\">\n\t\t\t\t\t\t<section class=\"elementor-section elementor-top-section elementor-element elementor-element-2b6ce4d elementor-section-full_width elementor-section-height-default elementor-section-height-default\" data-id=\"2b6ce4d\" data-element_type=\"section\" data-settings=\"{&quot;wdt_bg_image&quot;:{&quot;url&quot;:&quot;&quot;,&quot;id&quot;:&quot;&quot;,&quot;size&quot;:&quot;&quot;},&quot;wdt_bg_image_widescreen&quot;:{&quot;url&quot;:&quot;&quot;,&quot;id&quot;:&quot;&quot;,&quot;size&quot;:&quot;&quot;},&quot;wdt_bg_image_laptop&quot;:{&quot;url&quot;:&quot;&quot;,&quot;id&quot;:&quot;&quot;,&quot;size&quot;:&quot;&quot;},&quot;wdt_bg_image_tablet_extra&quot;:{&quot;url&quot;:&quot;&quot;,&quot;id&quot;:&quot;&quot;,&quot;size&quot;:&quot;&quot;},&quot;wdt_bg_image_tablet&quot;:{&quot;url&quot;:&quot;&quot;,&quot;id&quot;:&quot;&quot;,&quot;size&quot;:&quot;&quot;},&quot;wdt_bg_image_mobile_extra&quot;:{&quot;url&quot;:&quot;&quot;,&quot;id&quot;:&quot;&quot;,&quot;size&quot;:&quot;&quot;},&quot;wdt_bg_image_mobile&quot;:{&quot;url&quot;:&quot;&quot;,&quot;id&quot;:&quot;&quot;,&quot;size&quot;:&quot;&quot;},&quot;wdt_bg_position&quot;:&quot;center center&quot;,&quot;wdt_animation_effect&quot;:&quot;none&quot;}\">\n\t\t\t\t\t\t<div class=\"elementor-container elementor-column-gap-default\">\n\t\t\t\t\t<div class=\"elementor-column elementor-col-100 elementor-top-column elementor-element elementor-element-646419d\" data-id=\"646419d\" data-element_type=\"column\">\n\t\t\t<div class=\"elementor-widget-wrap elementor-element-populated\">\n\t\t\t\t\t\t<div class=\"elementor-element elementor-element-413b7b8 elementor-grid-3 elementor-grid-tablet-2 elementor-grid-mobile-1 elementor-widget elementor-widget-portfolio\" data-id=\"413b7b8\" data-element_type=\"widget\" data-settings=\"{&quot;row_gap&quot;:{&quot;unit&quot;:&quot;px&quot;,&quot;size&quot;:20,&quot;sizes&quot;:[]},&quot;columns&quot;:&quot;3&quot;,&quot;columns_tablet&quot;:&quot;2&quot;,&quot;columns_mobile&quot;:&quot;1&quot;,&quot;item_ratio&quot;:{&quot;unit&quot;:&quot;px&quot;,&quot;size&quot;:0.66,&quot;sizes&quot;:[]},&quot;item_gap&quot;:{&quot;unit&quot;:&quot;px&quot;,&quot;size&quot;:&quot;&quot;,&quot;sizes&quot;:[]},&quot;wdt_animation_effect&quot;:&quot;none&quot;}\" data-widget_type=\"portfolio.default\">\n\t\t\t\t<div class=\"elementor-widget-container\">\n\t\t\t\t\t\t\t<div class=\"elementor-portfolio elementor-grid elementor-posts-container\">\n\t\t\t\t<article class=\"elementor-portfolio-item elementor-post  post-4874 post type-post status-publish format-standard has-post-thumbnail hentry category-conference category-unitour-2024 tag-abaii tag-abaii-unitour\">\n\t\t\t<a class=\"elementor-post__thumbnail__link\" href=\"https:\/\/abaii.com.vn\/en\/abaii-unitour-2025-khoi-dong\/\">\n\t\t\t\t<div class=\"elementor-portfolio-item__img elementor-post__thumbnail\">\n\t\t\t<img fetchpriority=\"high\" decoding=\"async\" width=\"2560\" height=\"1707\" src=\"https:\/\/abaii.com.vn\/wp-content\/uploads\/2025\/10\/VBA-an-pham-chinh-scaled.jpg\" class=\"attachment-full size-full wp-image-4875\" alt=\"ABAII Unitour 2025 kh\u1edfi \u0111\u1ed9ng v\u1edbi ch\u1ee7 \u0111\u1ec1 \u201cC\u00f4ng ngh\u1ec7 Blockchain v\u00e0 T\u00e0i s\u1ea3n m\u00e3 ho\u00e1: Th\u00e1ch th\u1ee9c an to\u00e0n v\u00e0 tri\u1ec3n v\u1ecdng ngh\u1ec1 nghi\u1ec7p\u201d t\u1ea1i UEL\" srcset=\"https:\/\/abaii.com.vn\/wp-content\/uploads\/2025\/10\/VBA-an-pham-chinh-scaled.jpg 2560w, https:\/\/abaii.com.vn\/wp-content\/uploads\/2025\/10\/VBA-an-pham-chinh-300x200.jpg 300w, https:\/\/abaii.com.vn\/wp-content\/uploads\/2025\/10\/VBA-an-pham-chinh-1024x683.jpg 1024w, https:\/\/abaii.com.vn\/wp-content\/uploads\/2025\/10\/VBA-an-pham-chinh-768x512.jpg 768w, https:\/\/abaii.com.vn\/wp-content\/uploads\/2025\/10\/VBA-an-pham-chinh-1536x1024.jpg 1536w, https:\/\/abaii.com.vn\/wp-content\/uploads\/2025\/10\/VBA-an-pham-chinh-2048x1365.jpg 2048w, https:\/\/abaii.com.vn\/wp-content\/uploads\/2025\/10\/VBA-an-pham-chinh-18x12.jpg 18w\" sizes=\"(max-width: 2560px) 100vw, 2560px\" \/>\t\t<\/div>\n\t\t\t\t<div class=\"elementor-portfolio-item__overlay\">\n\t\t\t\t<h3 class=\"elementor-portfolio-item__title\">\n\t\tABAII Unitour 2025 kh\u1edfi \u0111\u1ed9ng v\u1edbi ch\u1ee7 \u0111\u1ec1 \u201cC\u00f4ng ngh\u1ec7 Blockchain v\u00e0 T\u00e0i s\u1ea3n m\u00e3 ho\u00e1: Th\u00e1ch th\u1ee9c an to\u00e0n v\u00e0 tri\u1ec3n v\u1ecdng ngh\u1ec1 nghi\u1ec7p\u201d t\u1ea1i UEL\t\t<\/h3>\n\t\t\t\t<\/div>\n\t\t\t\t<\/a>\n\t\t<\/article>\n\t\t\t\t<article class=\"elementor-portfolio-item elementor-post  post-4233 post type-post status-publish format-standard has-post-thumbnail hentry category-unitour-2024 tag-abaii tag-unitour tag-ai tag-blockchain\">\n\t\t\t<a class=\"elementor-post__thumbnail__link\" href=\"https:\/\/abaii.com.vn\/en\/abaii-unitour-26-hon-1-000-sinh-vien-hue-kham-pha-tiem-nang-blockchain-ai\/\">\n\t\t\t\t<div class=\"elementor-portfolio-item__img elementor-post__thumbnail\">\n\t\t\t<img decoding=\"async\" width=\"2560\" height=\"1707\" src=\"https:\/\/abaii.com.vn\/wp-content\/uploads\/2025\/03\/anh-thumb.jpg\" class=\"attachment-full size-full wp-image-4236\" alt=\"\" srcset=\"https:\/\/abaii.com.vn\/wp-content\/uploads\/2025\/03\/anh-thumb.jpg 2560w, https:\/\/abaii.com.vn\/wp-content\/uploads\/2025\/03\/anh-thumb-300x200.jpg 300w, https:\/\/abaii.com.vn\/wp-content\/uploads\/2025\/03\/anh-thumb-1024x683.jpg 1024w, https:\/\/abaii.com.vn\/wp-content\/uploads\/2025\/03\/anh-thumb-768x512.jpg 768w, https:\/\/abaii.com.vn\/wp-content\/uploads\/2025\/03\/anh-thumb-1536x1024.jpg 1536w, https:\/\/abaii.com.vn\/wp-content\/uploads\/2025\/03\/anh-thumb-2048x1366.jpg 2048w, https:\/\/abaii.com.vn\/wp-content\/uploads\/2025\/03\/anh-thumb-18x12.jpg 18w\" sizes=\"(max-width: 2560px) 100vw, 2560px\" \/>\t\t<\/div>\n\t\t\t\t<div class=\"elementor-portfolio-item__overlay\">\n\t\t\t\t<h3 class=\"elementor-portfolio-item__title\">\n\t\tABAII Unitour 26: H\u01a1n 1.000 sinh vi\u00ean Hu\u1ebf kh\u00e1m ph\u00e1 ti\u1ec1m n\u0103ng Blockchain, AI\t\t<\/h3>\n\t\t\t\t<\/div>\n\t\t\t\t<\/a>\n\t\t<\/article>\n\t\t\t\t<article class=\"elementor-portfolio-item elementor-post  post-4170 post type-post status-publish format-standard has-post-thumbnail hentry category-unitour-2024 tag-abaii tag-unitour tag-blockchain\">\n\t\t\t<a class=\"elementor-post__thumbnail__link\" href=\"https:\/\/abaii.com.vn\/en\/sinh-vien-truong-dai-hoc-khoa-hoc-tu-nhien-hao-hung-tim-kiem-co-hoi-trong-linh-vuc-blockchain\/\">\n\t\t\t\t<div class=\"elementor-portfolio-item__img elementor-post__thumbnail\">\n\t\t\t<img decoding=\"async\" width=\"2560\" height=\"1707\" src=\"https:\/\/abaii.com.vn\/wp-content\/uploads\/2025\/03\/image-3.png\" class=\"attachment-full size-full wp-image-4172\" alt=\"\" srcset=\"https:\/\/abaii.com.vn\/wp-content\/uploads\/2025\/03\/image-3.png 2560w, https:\/\/abaii.com.vn\/wp-content\/uploads\/2025\/03\/image-3-300x200.png 300w, https:\/\/abaii.com.vn\/wp-content\/uploads\/2025\/03\/image-3-1024x683.png 1024w, https:\/\/abaii.com.vn\/wp-content\/uploads\/2025\/03\/image-3-768x512.png 768w, https:\/\/abaii.com.vn\/wp-content\/uploads\/2025\/03\/image-3-1536x1024.png 1536w, https:\/\/abaii.com.vn\/wp-content\/uploads\/2025\/03\/image-3-2048x1366.png 2048w, https:\/\/abaii.com.vn\/wp-content\/uploads\/2025\/03\/image-3-18x12.png 18w\" sizes=\"(max-width: 2560px) 100vw, 2560px\" \/>\t\t<\/div>\n\t\t\t\t<div class=\"elementor-portfolio-item__overlay\">\n\t\t\t\t<h3 class=\"elementor-portfolio-item__title\">\n\t\tSinh vi\u00ean Tr\u01b0\u1eddng \u0110\u1ea1i h\u1ecdc Khoa h\u1ecdc T\u1ef1 nhi\u00ean h\u00e0o h\u1ee9ng t\u00ecm ki\u1ebfm c\u01a1 h\u1ed9i trong l\u0129nh v\u1ef1c blockchain\t\t<\/h3>\n\t\t\t\t<\/div>\n\t\t\t\t<\/a>\n\t\t<\/article>\n\t\t\t\t<article class=\"elementor-portfolio-item elementor-post  post-4166 post type-post status-publish format-standard has-post-thumbnail hentry category-unitour-2024 tag-abaii tag-unitour tag-abaii-unitour tag-blockchain\">\n\t\t\t<a class=\"elementor-post__thumbnail__link\" href=\"https:\/\/abaii.com.vn\/en\/abaii-unitour-23-blockchain-hieu-va-nam-vung-de-dan-dau\/\">\n\t\t\t\t<div class=\"elementor-portfolio-item__img elementor-post__thumbnail\">\n\t\t\t<img loading=\"lazy\" decoding=\"async\" width=\"1024\" height=\"576\" src=\"https:\/\/abaii.com.vn\/wp-content\/uploads\/2025\/03\/UNITOUR-24-DAI-HOC-KHTN-HA-NOI-4-1-1024x576-1.png\" class=\"attachment-full size-full wp-image-4167\" alt=\"\" srcset=\"https:\/\/abaii.com.vn\/wp-content\/uploads\/2025\/03\/UNITOUR-24-DAI-HOC-KHTN-HA-NOI-4-1-1024x576-1.png 1024w, https:\/\/abaii.com.vn\/wp-content\/uploads\/2025\/03\/UNITOUR-24-DAI-HOC-KHTN-HA-NOI-4-1-1024x576-1-300x169.png 300w, https:\/\/abaii.com.vn\/wp-content\/uploads\/2025\/03\/UNITOUR-24-DAI-HOC-KHTN-HA-NOI-4-1-1024x576-1-768x432.png 768w, https:\/\/abaii.com.vn\/wp-content\/uploads\/2025\/03\/UNITOUR-24-DAI-HOC-KHTN-HA-NOI-4-1-1024x576-1-18x10.png 18w\" sizes=\"(max-width: 1024px) 100vw, 1024px\" \/>\t\t<\/div>\n\t\t\t\t<div class=\"elementor-portfolio-item__overlay\">\n\t\t\t\t<h3 class=\"elementor-portfolio-item__title\">\n\t\tABAII Unitour 23: Blockchain \u2013 Hi\u1ec3u v\u00e0 N\u1eafm v\u1eefng \u0111\u1ec3 d\u1eabn \u0111\u1ea7u\t\t<\/h3>\n\t\t\t\t<\/div>\n\t\t\t\t<\/a>\n\t\t<\/article>\n\t\t\t\t<article class=\"elementor-portfolio-item elementor-post  post-4065 post type-post status-publish format-standard has-post-thumbnail hentry category-unitour-2024 tag-abaii tag-ai tag-blockchain\">\n\t\t\t<a class=\"elementor-post__thumbnail__link\" href=\"https:\/\/abaii.com.vn\/en\/hon-1000-sinh-vien-truong-dai-hoc-su-pham-ha-noi-huong-ung-chuyen-doi-so-trong-giao-duc-nho-blockchain-va-ai\/\">\n\t\t\t\t<div class=\"elementor-portfolio-item__img elementor-post__thumbnail\">\n\t\t\t<img loading=\"lazy\" decoding=\"async\" width=\"2560\" height=\"1707\" src=\"https:\/\/abaii.com.vn\/wp-content\/uploads\/2025\/02\/IMG_6098.jpg\" class=\"attachment-full size-full wp-image-4071\" alt=\"S\u1ef1 ki\u1ec7n ABAII Unitour 22 thu h\u00fat h\u01a1n 1000 sinh vi\u00ean Tr\u01b0\u1eddng \u0110\u1ea1i h\u1ecdc S\u01b0 ph\u1ea1m H\u00e0 N\u1ed9i tham gia.\" srcset=\"https:\/\/abaii.com.vn\/wp-content\/uploads\/2025\/02\/IMG_6098.jpg 2560w, https:\/\/abaii.com.vn\/wp-content\/uploads\/2025\/02\/IMG_6098-300x200.jpg 300w, https:\/\/abaii.com.vn\/wp-content\/uploads\/2025\/02\/IMG_6098-1024x683.jpg 1024w, https:\/\/abaii.com.vn\/wp-content\/uploads\/2025\/02\/IMG_6098-768x512.jpg 768w, https:\/\/abaii.com.vn\/wp-content\/uploads\/2025\/02\/IMG_6098-1536x1024.jpg 1536w, https:\/\/abaii.com.vn\/wp-content\/uploads\/2025\/02\/IMG_6098-2048x1366.jpg 2048w, https:\/\/abaii.com.vn\/wp-content\/uploads\/2025\/02\/IMG_6098-18x12.jpg 18w\" sizes=\"(max-width: 2560px) 100vw, 2560px\" \/>\t\t<\/div>\n\t\t\t\t<div class=\"elementor-portfolio-item__overlay\">\n\t\t\t\t<h3 class=\"elementor-portfolio-item__title\">\n\t\tH\u01a1n 1000 sinh vi\u00ean Tr\u01b0\u1eddng \u0110\u1ea1i h\u1ecdc S\u01b0 ph\u1ea1m H\u00e0 N\u1ed9i h\u01b0\u1edfng \u1ee9ng chuy\u1ec3n \u0111\u1ed5i s\u1ed1 trong gi\u00e1o d\u1ee5c nh\u1edd Blockchain v\u00e0 AI\t\t<\/h3>\n\t\t\t\t<\/div>\n\t\t\t\t<\/a>\n\t\t<\/article>\n\t\t\t\t<article class=\"elementor-portfolio-item elementor-post  post-3923 post type-post status-publish format-standard has-post-thumbnail hentry category-unitour-2024 tag-abaii tag-ai-2 tag-unitour tag-blockchain\">\n\t\t\t<a class=\"elementor-post__thumbnail__link\" href=\"https:\/\/abaii.com.vn\/en\/abaii-unitour-21-sinh-vien-ngan-hang-nam-bat-co-hoi-trong-nganh-fintech-voi-blockchain-ai\/\">\n\t\t\t\t<div class=\"elementor-portfolio-item__img elementor-post__thumbnail\">\n\t\t\t<img loading=\"lazy\" decoding=\"async\" width=\"2560\" height=\"1474\" src=\"https:\/\/abaii.com.vn\/wp-content\/uploads\/2024\/12\/ABAII-Unitour-21-Sinh-vien-ngan-hang-nam-bat-co-hoi-trong-nganh-Fintech-voi-Blockchain-AI-scaled.jpg\" class=\"attachment-full size-full wp-image-3924\" alt=\"S\u1ef1 ki\u1ec7n ABAII Unitour 21 t\u1ea1i Tr\u01b0\u1eddng \u0110\u1ea1i h\u1ecdc Ng\u00e2n h\u00e0ng TPHCM, v\u1edbi s\u1ef1 tham gia c\u1ee7a h\u01a1n 800 sinh vi\u00ean, m\u1edf ra c\u01a1 h\u1ed9i kh\u00e1m ph\u00e1 ti\u1ec1m n\u0103ng Blockchain v\u00e0 AI trong ng\u00e0nh Fintech\" srcset=\"https:\/\/abaii.com.vn\/wp-content\/uploads\/2024\/12\/ABAII-Unitour-21-Sinh-vien-ngan-hang-nam-bat-co-hoi-trong-nganh-Fintech-voi-Blockchain-AI-scaled.jpg 2560w, https:\/\/abaii.com.vn\/wp-content\/uploads\/2024\/12\/ABAII-Unitour-21-Sinh-vien-ngan-hang-nam-bat-co-hoi-trong-nganh-Fintech-voi-Blockchain-AI-300x173.jpg 300w, https:\/\/abaii.com.vn\/wp-content\/uploads\/2024\/12\/ABAII-Unitour-21-Sinh-vien-ngan-hang-nam-bat-co-hoi-trong-nganh-Fintech-voi-Blockchain-AI-1024x590.jpg 1024w, https:\/\/abaii.com.vn\/wp-content\/uploads\/2024\/12\/ABAII-Unitour-21-Sinh-vien-ngan-hang-nam-bat-co-hoi-trong-nganh-Fintech-voi-Blockchain-AI-768x442.jpg 768w, https:\/\/abaii.com.vn\/wp-content\/uploads\/2024\/12\/ABAII-Unitour-21-Sinh-vien-ngan-hang-nam-bat-co-hoi-trong-nganh-Fintech-voi-Blockchain-AI-1536x884.jpg 1536w, https:\/\/abaii.com.vn\/wp-content\/uploads\/2024\/12\/ABAII-Unitour-21-Sinh-vien-ngan-hang-nam-bat-co-hoi-trong-nganh-Fintech-voi-Blockchain-AI-2048x1179.jpg 2048w, https:\/\/abaii.com.vn\/wp-content\/uploads\/2024\/12\/ABAII-Unitour-21-Sinh-vien-ngan-hang-nam-bat-co-hoi-trong-nganh-Fintech-voi-Blockchain-AI-18x10.jpg 18w\" sizes=\"(max-width: 2560px) 100vw, 2560px\" \/>\t\t<\/div>\n\t\t\t\t<div class=\"elementor-portfolio-item__overlay\">\n\t\t\t\t<h3 class=\"elementor-portfolio-item__title\">\n\t\tABAII Unitour 21: Sinh vi\u00ean ng\u00e2n h\u00e0ng n\u1eafm b\u1eaft c\u01a1 h\u1ed9i trong ng\u00e0nh Fintech v\u1edbi Blockchain &amp; AI\t\t<\/h3>\n\t\t\t\t<\/div>\n\t\t\t\t<\/a>\n\t\t<\/article>\n\t\t\t\t<article class=\"elementor-portfolio-item elementor-post  post-3877 post type-post status-publish format-standard has-post-thumbnail hentry category-unitour-2024 tag-abaii tag-unitour tag-ai tag-blockchain\">\n\t\t\t<a class=\"elementor-post__thumbnail__link\" href=\"https:\/\/abaii.com.vn\/en\/abaii-unitour-18-cung-sinh-vien-bat-song-cong-nghe-tuong-lai\/\">\n\t\t\t\t<div class=\"elementor-portfolio-item__img elementor-post__thumbnail\">\n\t\t\t<img loading=\"lazy\" decoding=\"async\" width=\"2560\" height=\"1707\" src=\"https:\/\/abaii.com.vn\/wp-content\/uploads\/2024\/12\/ABAII-Unitour-18-Phien-thao-luan-voi-chu-de-22Blockchain-va-AI-tai-dinh-hinh-thi-truong-viec-lam-Thach-thuc-va-co-hoi-but-pha-su-nghiep22--scaled.jpg\" class=\"attachment-full size-full wp-image-3882\" alt=\"C\u00e1c di\u1ec5n gi\u1ea3 th\u1ea3o lu\u1eadn v\u1ec1 t\u00e1c \u0111\u1ed9ng c\u1ee7a Blockchain v\u00e0 AI \u0111\u1ed1i v\u1edbi th\u1ecb tr\u01b0\u1eddng vi\u1ec7c l\u00e0m\" srcset=\"https:\/\/abaii.com.vn\/wp-content\/uploads\/2024\/12\/ABAII-Unitour-18-Phien-thao-luan-voi-chu-de-22Blockchain-va-AI-tai-dinh-hinh-thi-truong-viec-lam-Thach-thuc-va-co-hoi-but-pha-su-nghiep22--scaled.jpg 2560w, https:\/\/abaii.com.vn\/wp-content\/uploads\/2024\/12\/ABAII-Unitour-18-Phien-thao-luan-voi-chu-de-22Blockchain-va-AI-tai-dinh-hinh-thi-truong-viec-lam-Thach-thuc-va-co-hoi-but-pha-su-nghiep22--300x200.jpg 300w, https:\/\/abaii.com.vn\/wp-content\/uploads\/2024\/12\/ABAII-Unitour-18-Phien-thao-luan-voi-chu-de-22Blockchain-va-AI-tai-dinh-hinh-thi-truong-viec-lam-Thach-thuc-va-co-hoi-but-pha-su-nghiep22--1024x683.jpg 1024w, https:\/\/abaii.com.vn\/wp-content\/uploads\/2024\/12\/ABAII-Unitour-18-Phien-thao-luan-voi-chu-de-22Blockchain-va-AI-tai-dinh-hinh-thi-truong-viec-lam-Thach-thuc-va-co-hoi-but-pha-su-nghiep22--768x512.jpg 768w, https:\/\/abaii.com.vn\/wp-content\/uploads\/2024\/12\/ABAII-Unitour-18-Phien-thao-luan-voi-chu-de-22Blockchain-va-AI-tai-dinh-hinh-thi-truong-viec-lam-Thach-thuc-va-co-hoi-but-pha-su-nghiep22--1536x1024.jpg 1536w, https:\/\/abaii.com.vn\/wp-content\/uploads\/2024\/12\/ABAII-Unitour-18-Phien-thao-luan-voi-chu-de-22Blockchain-va-AI-tai-dinh-hinh-thi-truong-viec-lam-Thach-thuc-va-co-hoi-but-pha-su-nghiep22--2048x1366.jpg 2048w, https:\/\/abaii.com.vn\/wp-content\/uploads\/2024\/12\/ABAII-Unitour-18-Phien-thao-luan-voi-chu-de-22Blockchain-va-AI-tai-dinh-hinh-thi-truong-viec-lam-Thach-thuc-va-co-hoi-but-pha-su-nghiep22--18x12.jpg 18w\" sizes=\"(max-width: 2560px) 100vw, 2560px\" \/>\t\t<\/div>\n\t\t\t\t<div class=\"elementor-portfolio-item__overlay\">\n\t\t\t\t<h3 class=\"elementor-portfolio-item__title\">\n\t\tABAII Unitour 18 c\u00f9ng sinh vi\u00ean &#8220;b\u1eaft s\u00f3ng&#8221; c\u00f4ng ngh\u1ec7 t\u01b0\u01a1ng lai\t\t<\/h3>\n\t\t\t\t<\/div>\n\t\t\t\t<\/a>\n\t\t<\/article>\n\t\t\t\t<article class=\"elementor-portfolio-item elementor-post  post-3853 post type-post status-publish format-standard has-post-thumbnail hentry category-unitour-2024 tag-abaii tag-ai tag-blockchain\">\n\t\t\t<a class=\"elementor-post__thumbnail__link\" href=\"https:\/\/abaii.com.vn\/en\/abaii-unitour-17-lao-dong-tre-can-don-dau-xu-huong-nhan-su-blockchain-va-ai-voi-tinh-than-tu-hoc-va-su-chu-dong\/\">\n\t\t\t\t<div class=\"elementor-portfolio-item__img elementor-post__thumbnail\">\n\t\t\t<img loading=\"lazy\" decoding=\"async\" width=\"2048\" height=\"1365\" src=\"https:\/\/abaii.com.vn\/wp-content\/uploads\/2024\/12\/Lao-dong-tre-can-don-dau-xu-huong-nhan-su-Blockchain-va-AI-voi-tinh-than-tu-hoc-va-su-chu-dong-.jpg\" class=\"attachment-full size-full wp-image-3854\" alt=\"ABAII Unitour 17 thu h\u00fat h\u01a1n 400 sinh vi\u00ean, gi\u1ea3ng vi\u00ean, chuy\u00ean gia, doanh nghi\u1ec7p trong c\u00e1c l\u0129nh v\u1ef1c c\u00f4ng ngh\u1ec7, t\u00e0i ch\u00ednh v\u00e0 gi\u00e1o d\u1ee5c tham d\u1ef1\" srcset=\"https:\/\/abaii.com.vn\/wp-content\/uploads\/2024\/12\/Lao-dong-tre-can-don-dau-xu-huong-nhan-su-Blockchain-va-AI-voi-tinh-than-tu-hoc-va-su-chu-dong-.jpg 2048w, https:\/\/abaii.com.vn\/wp-content\/uploads\/2024\/12\/Lao-dong-tre-can-don-dau-xu-huong-nhan-su-Blockchain-va-AI-voi-tinh-than-tu-hoc-va-su-chu-dong--300x200.jpg 300w, https:\/\/abaii.com.vn\/wp-content\/uploads\/2024\/12\/Lao-dong-tre-can-don-dau-xu-huong-nhan-su-Blockchain-va-AI-voi-tinh-than-tu-hoc-va-su-chu-dong--1024x683.jpg 1024w, https:\/\/abaii.com.vn\/wp-content\/uploads\/2024\/12\/Lao-dong-tre-can-don-dau-xu-huong-nhan-su-Blockchain-va-AI-voi-tinh-than-tu-hoc-va-su-chu-dong--768x512.jpg 768w, https:\/\/abaii.com.vn\/wp-content\/uploads\/2024\/12\/Lao-dong-tre-can-don-dau-xu-huong-nhan-su-Blockchain-va-AI-voi-tinh-than-tu-hoc-va-su-chu-dong--1536x1024.jpg 1536w, https:\/\/abaii.com.vn\/wp-content\/uploads\/2024\/12\/Lao-dong-tre-can-don-dau-xu-huong-nhan-su-Blockchain-va-AI-voi-tinh-than-tu-hoc-va-su-chu-dong--18x12.jpg 18w\" sizes=\"(max-width: 2048px) 100vw, 2048px\" \/>\t\t<\/div>\n\t\t\t\t<div class=\"elementor-portfolio-item__overlay\">\n\t\t\t\t<h3 class=\"elementor-portfolio-item__title\">\n\t\tABAII Unitour 17: Lao \u0111\u1ed9ng tr\u1ebb c\u1ea7n \u0111\u00f3n \u0111\u1ea7u xu h\u01b0\u1edbng nh\u00e2n s\u1ef1 Blockchain v\u00e0 AI v\u1edbi tinh th\u1ea7n t\u1ef1 h\u1ecdc v\u00e0 s\u1ef1 ch\u1ee7 \u0111\u1ed9ng\u00a0\t\t<\/h3>\n\t\t\t\t<\/div>\n\t\t\t\t<\/a>\n\t\t<\/article>\n\t\t\t\t<article class=\"elementor-portfolio-item elementor-post  post-3804 post type-post status-publish format-standard has-post-thumbnail hentry category-conference category-unitour-2024\">\n\t\t\t<a class=\"elementor-post__thumbnail__link\" href=\"https:\/\/abaii.com.vn\/en\/abaii-unitour-16-dai-hoc-ton-duc-thang-66-sinh-vien-se-that-nghiep-neu-khong-hoc-ai\/\">\n\t\t\t\t<div class=\"elementor-portfolio-item__img elementor-post__thumbnail\">\n\t\t\t<img loading=\"lazy\" decoding=\"async\" width=\"1600\" height=\"794\" src=\"https:\/\/abaii.com.vn\/wp-content\/uploads\/2024\/11\/abaii-unitour-16.jpg\" class=\"attachment-full size-full wp-image-3805\" alt=\"\" srcset=\"https:\/\/abaii.com.vn\/wp-content\/uploads\/2024\/11\/abaii-unitour-16.jpg 1600w, https:\/\/abaii.com.vn\/wp-content\/uploads\/2024\/11\/abaii-unitour-16-300x149.jpg 300w, https:\/\/abaii.com.vn\/wp-content\/uploads\/2024\/11\/abaii-unitour-16-1024x508.jpg 1024w, https:\/\/abaii.com.vn\/wp-content\/uploads\/2024\/11\/abaii-unitour-16-768x381.jpg 768w, https:\/\/abaii.com.vn\/wp-content\/uploads\/2024\/11\/abaii-unitour-16-1536x762.jpg 1536w, https:\/\/abaii.com.vn\/wp-content\/uploads\/2024\/11\/abaii-unitour-16-18x9.jpg 18w\" sizes=\"(max-width: 1600px) 100vw, 1600px\" \/>\t\t<\/div>\n\t\t\t\t<div class=\"elementor-portfolio-item__overlay\">\n\t\t\t\t<h3 class=\"elementor-portfolio-item__title\">\n\t\tABAII Unitour 16 \u0110\u1ea1i h\u1ecdc T\u00f4n \u0110\u1ee9c Th\u1eafng: 66% sinh vi\u00ean s\u1ebd th\u1ea5t nghi\u1ec7p n\u1ebfu kh\u00f4ng h\u1ecdc AI\t\t<\/h3>\n\t\t\t\t<\/div>\n\t\t\t\t<\/a>\n\t\t<\/article>\n\t\t\t\t<\/div>\n\t\t\t\t\t\t<\/div>\n\t\t\t\t<\/div>\n\t\t\t\t\t<\/div>\n\t\t<\/div>\n\t\t\t\t\t<\/div>\n\t\t<\/section>\n\t\t\t\t<\/div>","protected":false},"excerpt":{"rendered":"","protected":false},"author":1,"featured_media":0,"parent":0,"menu_order":0,"comment_status":"closed","ping_status":"closed","template":"","meta":{"ngg_post_thumbnail":0,"footnotes":""},"class_list":["post-2094","page","type-page","status-publish","hentry"],"aioseo_notices":[],"_links":{"self":[{"href":"https:\/\/abaii.com.vn\/en\/wp-json\/wp\/v2\/pages\/2094","targetHints":{"allow":["GET"]}}],"collection":[{"href":"https:\/\/abaii.com.vn\/en\/wp-json\/wp\/v2\/pages"}],"about":[{"href":"https:\/\/abaii.com.vn\/en\/wp-json\/wp\/v2\/types\/page"}],"author":[{"embeddable":true,"href":"https:\/\/abaii.com.vn\/en\/wp-json\/wp\/v2\/users\/1"}],"replies":[{"embeddable":true,"href":"https:\/\/abaii.com.vn\/en\/wp-json\/wp\/v2\/comments?post=2094"}],"version-history":[{"count":14,"href":"https:\/\/abaii.com.vn\/en\/wp-json\/wp\/v2\/pages\/2094\/revisions"}],"predecessor-version":[{"id":2912,"href":"https:\/\/abaii.com.vn\/en\/wp-json\/wp\/v2\/pages\/2094\/revisions\/2912"}],"wp:attachment":[{"href":"https:\/\/abaii.com.vn\/en\/wp-json\/wp\/v2\/media?parent=2094"}],"curies":[{"name":"wp","href":"https:\/\/api.w.org\/{rel}","templated":true}]}}