{"id":257,"date":"2024-04-07T06:41:09","date_gmt":"2024-04-06T23:41:09","guid":{"rendered":"https:\/\/abaii.com.vn\/?page_id=257"},"modified":"2024-04-22T22:59:25","modified_gmt":"2024-04-22T15:59:25","slug":"events-conference","status":"publish","type":"page","link":"https:\/\/abaii.com.vn\/en\/events-conference\/","title":{"rendered":"Events - Conference"},"content":{"rendered":"<div data-elementor-type=\"wp-page\" data-elementor-id=\"257\" class=\"elementor elementor-257\" data-elementor-post-type=\"page\">\n\t\t\t\t\t\t<section class=\"elementor-section elementor-top-section elementor-element elementor-element-2fb7517 elementor-section-boxed elementor-section-height-default elementor-section-height-default\" data-id=\"2fb7517\" data-element_type=\"section\" data-settings=\"{&quot;wdt_bg_image&quot;:{&quot;url&quot;:&quot;&quot;,&quot;id&quot;:&quot;&quot;,&quot;size&quot;:&quot;&quot;},&quot;wdt_bg_image_widescreen&quot;:{&quot;url&quot;:&quot;&quot;,&quot;id&quot;:&quot;&quot;,&quot;size&quot;:&quot;&quot;},&quot;wdt_bg_image_laptop&quot;:{&quot;url&quot;:&quot;&quot;,&quot;id&quot;:&quot;&quot;,&quot;size&quot;:&quot;&quot;},&quot;wdt_bg_image_tablet_extra&quot;:{&quot;url&quot;:&quot;&quot;,&quot;id&quot;:&quot;&quot;,&quot;size&quot;:&quot;&quot;},&quot;wdt_bg_image_tablet&quot;:{&quot;url&quot;:&quot;&quot;,&quot;id&quot;:&quot;&quot;,&quot;size&quot;:&quot;&quot;},&quot;wdt_bg_image_mobile_extra&quot;:{&quot;url&quot;:&quot;&quot;,&quot;id&quot;:&quot;&quot;,&quot;size&quot;:&quot;&quot;},&quot;wdt_bg_image_mobile&quot;:{&quot;url&quot;:&quot;&quot;,&quot;id&quot;:&quot;&quot;,&quot;size&quot;:&quot;&quot;},&quot;wdt_bg_position&quot;:&quot;center center&quot;,&quot;wdt_animation_effect&quot;:&quot;none&quot;}\">\n\t\t\t\t\t\t<div class=\"elementor-container elementor-column-gap-default\">\n\t\t\t\t\t<div class=\"elementor-column elementor-col-100 elementor-top-column elementor-element elementor-element-d65afa0\" data-id=\"d65afa0\" data-element_type=\"column\">\n\t\t\t<div class=\"elementor-widget-wrap elementor-element-populated\">\n\t\t\t\t\t\t<div class=\"elementor-element elementor-element-2e8b8bd elementor-widget elementor-widget-wdt-blog-posts\" data-id=\"2e8b8bd\" data-element_type=\"widget\" data-settings=\"{&quot;wdt_animation_effect&quot;:&quot;none&quot;}\" data-widget_type=\"wdt-blog-posts.default\">\n\t\t\t\t<div class=\"elementor-widget-container\">\n\t\t\t\t\t<div class=\"wdt-posts-list-wrapper  wdt-post-list-carousel-2e8b8bd\" ><div class='tpl-blog-holder  apply-isotope'><div class='grid-sizer  entry-list-layout wdt-simple-style entry-left-thumb wdt-scaleout-hover wdt-default-overlay column wdt-one-column wdt-post-entry'><\/div><div class=\"entry-list-layout wdt-simple-style entry-left-thumb wdt-scaleout-hover wdt-default-overlay column wdt-one-column wdt-post-entry\"><article id=\"post-4902\" class=\"post-4902 post type-post status-publish format-standard has-post-thumbnail hentry category-conference blog-entry\">\r\n\r\n\r\n\t<!-- Featured Image -->\r\n\t<div class=\"entry-thumb\">\r\n\t\t\r\n<div class=\"blog-image\"><a style=\"background-image:url(https:\/\/abaii.com.vn\/wp-content\/uploads\/2025\/10\/ABAII-Unitour-NCT-NEU-2810.png)\" href=\"https:\/\/abaii.com.vn\/en\/abaii-unitour-3-hoi-thao-tai-san-ma-hoa-co-hoi-rui-ro-va-nhan-dien-lua-dao\/\" title=\"Permalink to ABAII Unitour #3: H\u1ed9i th\u1ea3o \u201cT\u00e0i s\u1ea3n m\u00e3 h\u00f3a: C\u01a1 h\u1ed9i, r\u1ee7i ro v\u00e0 nh\u1eadn di\u1ec7n l\u1eeba \u0111\u1ea3o\u201d\"><\/a><\/div>\r\n        <\/div><!-- Featured Image -->\r\n<!-- Entry Title -->\r\n<div class=\"entry-title\">\r\n\t<h4>    \t<a href=\"https:\/\/abaii.com.vn\/en\/abaii-unitour-3-hoi-thao-tai-san-ma-hoa-co-hoi-rui-ro-va-nhan-dien-lua-dao\/\" title=\"Permalink to ABAII Unitour #3: H\u1ed9i th\u1ea3o \u201cT\u00e0i s\u1ea3n m\u00e3 h\u00f3a: C\u01a1 h\u1ed9i, r\u1ee7i ro v\u00e0 nh\u1eadn di\u1ec7n l\u1eeba \u0111\u1ea3o\u201d\">ABAII Unitour #3: H\u1ed9i th\u1ea3o \u201cT\u00e0i s\u1ea3n m\u00e3 h\u00f3a: C\u01a1 h\u1ed9i, r\u1ee7i ro v\u00e0 nh\u1eadn di\u1ec7n l\u1eeba \u0111\u1ea3o\u201d<\/a>\r\n\t<\/h4>\r\n<\/div><!-- Entry Title -->\r\n\t<div class=\"entry-body\"><p>Trong b\u1ed1i c\u1ea3nh n\u1ec1n kinh t\u1ebf s\u1ed1 t\u0103ng tr\u01b0\u1edfng m\u1ea1nh m\u1ebd, t\u00e0i s\u1ea3n m\u00e3 h\u00f3a \u0111ang d\u1ea7n tr\u1edf th\u00e0nh m\u1ed9t ph\u1ea7n quan tr\u1ecdng c\u1ee7a th\u1ecb tr\u01b0\u1eddng t\u00e0i ch\u00ednh to\u00e0n c\u1ea7u. Theo d\u1eef li\u1ec7u t\u1eeb CoinMarketCap, t\u1ed5ng gi\u00e1 tr\u1ecb v\u1ed1n h\u00f3a th\u1ecb tr\u01b0\u1eddng t\u00e0i s\u1ea3n...<\/p><\/div>\r\n\r\n<!-- Entry Date -->\r\n<div class=\"entry-date\">\r\n\t<!-- <i class=\"wdticon-calendar\"> <\/i> -->\r\n\t23 October 2025<\/div><!-- Entry Date --><\/article><\/div><div class=\"entry-list-layout wdt-simple-style entry-left-thumb wdt-scaleout-hover wdt-default-overlay column wdt-one-column wdt-post-entry\"><article id=\"post-4899\" class=\"post-4899 post type-post status-publish format-standard has-post-thumbnail hentry category-conference tag-blockchain tag-vba-2 blog-entry\">\r\n\r\n\r\n\t<!-- Featured Image -->\r\n\t<div class=\"entry-thumb\">\r\n\t\t\r\n<div class=\"blog-image\"><a style=\"background-image:url(https:\/\/abaii.com.vn\/wp-content\/uploads\/2025\/10\/z7143409399012_d4e28009d7bc7b5c348f5096e92cb5a2.jpg)\" href=\"https:\/\/abaii.com.vn\/en\/gia-nhap-thi-truong-tai-san-so-doanh-nghiep-viet-phai-di-bang-ca-hai-chan\/\" title=\"Permalink to Gia nh\u1eadp th\u1ecb tr\u01b0\u1eddng t\u00e0i s\u1ea3n s\u1ed1: Doanh nghi\u1ec7p Vi\u1ec7t ph\u1ea3i \u0111i b\u1eb1ng c\u1ea3 hai ch\u00e2n!\"><\/a><\/div>\r\n        <\/div><!-- Featured Image -->\r\n<!-- Entry Title -->\r\n<div class=\"entry-title\">\r\n\t<h4>    \t<a href=\"https:\/\/abaii.com.vn\/en\/gia-nhap-thi-truong-tai-san-so-doanh-nghiep-viet-phai-di-bang-ca-hai-chan\/\" title=\"Permalink to Gia nh\u1eadp th\u1ecb tr\u01b0\u1eddng t\u00e0i s\u1ea3n s\u1ed1: Doanh nghi\u1ec7p Vi\u1ec7t ph\u1ea3i \u0111i b\u1eb1ng c\u1ea3 hai ch\u00e2n!\">Gia nh\u1eadp th\u1ecb tr\u01b0\u1eddng t\u00e0i s\u1ea3n s\u1ed1: Doanh nghi\u1ec7p Vi\u1ec7t ph\u1ea3i \u0111i b\u1eb1ng c\u1ea3 hai ch\u00e2n!<\/a>\r\n\t<\/h4>\r\n<\/div><!-- Entry Title -->\r\n\t<div class=\"entry-body\"><p>\u201cTh\u1ecb tr\u01b0\u1eddng t\u00e0i s\u1ea3n s\u1ed1 \u0111ang m\u1edf ra c\u01a1 h\u1ed9i l\u1edbn, nh\u01b0ng Vi\u1ec7t Nam ph\u1ea3i \u0111i b\u1eb1ng c\u1ea3 hai ch\u00e2n \u2013 v\u1eeba \u0111\u1ed5i m\u1edbi, v\u1eeba th\u1eadn tr\u1ecdng,\u201d chuy\u00ean gia VBA Nghi\u00eam Minh Ho\u00e0ng nh\u1eadn \u0111\u1ecbnh t\u1ea1i Di\u1ec5n \u0111\u00e0n Kinh doanh 2026. Ng\u00e0y 22\/10\/2025, Di\u1ec5n...<\/p><\/div>\r\n\r\n<!-- Entry Date -->\r\n<div class=\"entry-date\">\r\n\t<!-- <i class=\"wdticon-calendar\"> <\/i> -->\r\n\t22 October 2025<\/div><!-- Entry Date --><\/article><\/div><div class=\"entry-list-layout wdt-simple-style entry-left-thumb wdt-scaleout-hover wdt-default-overlay column wdt-one-column wdt-post-entry\"><article id=\"post-4896\" class=\"post-4896 post type-post status-publish format-standard has-post-thumbnail hentry category-conference tag-abaii tag-unitour tag-blockchain blog-entry\">\r\n\r\n\r\n\t<!-- Featured Image -->\r\n\t<div class=\"entry-thumb\">\r\n\t\t\r\n<div class=\"blog-image\"><a style=\"background-image:url(https:\/\/abaii.com.vn\/wp-content\/uploads\/2025\/10\/Final_Back-chinh_UFM-e1761106073787.png)\" href=\"https:\/\/abaii.com.vn\/en\/abaii-unitour-2025-tai-ufm\/\" title=\"Permalink to ABAII Unitour 2025 t\u1ea1i UFM: Khai ph\u00f3ng t\u01b0 duy s\u1ed1, \u0111\u1ecbnh h\u01b0\u1edbng t\u01b0\u01a1ng lai ngh\u1ec1 nghi\u1ec7p\"><\/a><\/div>\r\n        <\/div><!-- Featured Image -->\r\n<!-- Entry Title -->\r\n<div class=\"entry-title\">\r\n\t<h4>    \t<a href=\"https:\/\/abaii.com.vn\/en\/abaii-unitour-2025-tai-ufm\/\" title=\"Permalink to ABAII Unitour 2025 t\u1ea1i UFM: Khai ph\u00f3ng t\u01b0 duy s\u1ed1, \u0111\u1ecbnh h\u01b0\u1edbng t\u01b0\u01a1ng lai ngh\u1ec1 nghi\u1ec7p\">ABAII Unitour 2025 t\u1ea1i UFM: Khai ph\u00f3ng t\u01b0 duy s\u1ed1, \u0111\u1ecbnh h\u01b0\u1edbng t\u01b0\u01a1ng lai ngh\u1ec1 nghi\u1ec7p<\/a>\r\n\t<\/h4>\r\n<\/div><!-- Entry Title -->\r\n\t<div class=\"entry-body\"><p>Ng\u00e0y 25\/10\/2025, ch\u01b0\u01a1ng tr\u00ecnh ABAII Unitour 2025 do Hi\u1ec7p h\u1ed9i Blockchain &amp; T\u00e0i s\u1ea3n s\u1ed1 Vi\u1ec7t Nam (VBA) ph\u1ed1i h\u1ee3p c\u00f9ng Vi\u1ec7n C\u00f4ng ngh\u1ec7 Blockchain &amp; Tr\u00ed tu\u1ec7 nh\u00e2n t\u1ea1o ABAII s\u1ebd ti\u1ebfp t\u1ee5c t\u1ed5 ch\u1ee9c t\u1ea1i Tr\u01b0\u1eddng \u0110\u1ea1i h\u1ecdc T\u00e0i ch\u00ednh &#8211; Marketing...<\/p><\/div>\r\n\r\n<!-- Entry Date -->\r\n<div class=\"entry-date\">\r\n\t<!-- <i class=\"wdticon-calendar\"> <\/i> -->\r\n\t22 October 2025<\/div><!-- Entry Date --><\/article><\/div><div class=\"entry-list-layout wdt-simple-style entry-left-thumb wdt-scaleout-hover wdt-default-overlay column wdt-one-column wdt-post-entry\"><article id=\"post-4887\" class=\"post-4887 post type-post status-publish format-standard has-post-thumbnail hentry category-conference tag-abaii tag-ai tag-blockchain blog-entry\">\r\n\r\n\r\n\t<!-- Featured Image -->\r\n\t<div class=\"entry-thumb\">\r\n\t\t\r\n<div class=\"blog-image\"><a style=\"background-image:url(https:\/\/abaii.com.vn\/wp-content\/uploads\/2025\/10\/z7125598594961_79048735b48a1778769ab539990af2d8.jpg)\" href=\"https:\/\/abaii.com.vn\/en\/blockchain-tai-san-ma-hoa-luong-40k-usd\/\" title=\"Permalink to Blockchain v\u00e0 t\u00e0i s\u1ea3n m\u00e3 ho\u00e1: Cu\u1ed9c \u0111ua gi\u00e0nh \u201ch\u1ea1t gi\u1ed1ng hi\u1ebfm\u201d v\u1edbi m\u1ee9c l\u01b0\u01a1ng 40.000 USD\/n\u0103m\"><\/a><\/div>\r\n        <\/div><!-- Featured Image -->\r\n<!-- Entry Title -->\r\n<div class=\"entry-title\">\r\n\t<h4>    \t<a href=\"https:\/\/abaii.com.vn\/en\/blockchain-tai-san-ma-hoa-luong-40k-usd\/\" title=\"Permalink to Blockchain v\u00e0 t\u00e0i s\u1ea3n m\u00e3 ho\u00e1: Cu\u1ed9c \u0111ua gi\u00e0nh \u201ch\u1ea1t gi\u1ed1ng hi\u1ebfm\u201d v\u1edbi m\u1ee9c l\u01b0\u01a1ng 40.000 USD\/n\u0103m\">Blockchain v\u00e0 t\u00e0i s\u1ea3n m\u00e3 ho\u00e1: Cu\u1ed9c \u0111ua gi\u00e0nh \u201ch\u1ea1t gi\u1ed1ng hi\u1ebfm\u201d v\u1edbi m\u1ee9c l\u01b0\u01a1ng 40.000 USD\/n\u0103m<\/a>\r\n\t<\/h4>\r\n<\/div><!-- Entry Title -->\r\n\t<div class=\"entry-body\"><p>V\u1edbi th\u1ecb tr\u01b0\u1eddng t\u00e0i s\u1ea3n m\u00e3 ho\u00e1 to\u00e0n c\u1ea7u h\u01b0\u1edbng t\u1edbi m\u1ed1c 10.000 t\u1ef7 USD n\u0103m 2030 v\u00e0 Vi\u1ec7t Nam n\u1eb1m trong Top 7 th\u1ebf gi\u1edbi v\u1ec1 s\u1ed1 l\u01b0\u1ee3ng ng\u01b0\u1eddi d\u00f9ng, cu\u1ed9c \u0111ua gi\u00e0nh ngu\u1ed3n nh\u00e2n l\u1ef1c am hi\u1ec3u c\u1ea3 c\u00f4ng ngh\u1ec7 l\u1eabn ph\u00e1p...<\/p><\/div>\r\n\r\n<!-- Entry Date -->\r\n<div class=\"entry-date\">\r\n\t<!-- <i class=\"wdticon-calendar\"> <\/i> -->\r\n\t17 October 2025<\/div><!-- Entry Date --><\/article><\/div><div class=\"entry-list-layout wdt-simple-style entry-left-thumb wdt-scaleout-hover wdt-default-overlay column wdt-one-column wdt-post-entry\"><article id=\"post-4879\" class=\"post-4879 post type-post status-publish format-standard has-post-thumbnail hentry category-conference blog-entry\">\r\n\r\n\r\n\t<!-- Featured Image -->\r\n\t<div class=\"entry-thumb\">\r\n\t\t\r\n<div class=\"blog-image\"><a style=\"background-image:url(https:\/\/abaii.com.vn\/wp-content\/uploads\/2025\/10\/tai-san-ma-hoa-2.jpg)\" href=\"https:\/\/abaii.com.vn\/en\/vien-abaii-va-accesstrade-hop-tac-dao-tao-chuan-muc-tai-san-ma-hoa-cho-affiliate-viet-nam\/\" title=\"Permalink to Vi\u1ec7n ABAII v\u00e0 ACCESSTRADE h\u1ee3p t\u00e1c \u0111\u00e0o t\u1ea1o chu\u1ea9n m\u1ef1c t\u00e0i s\u1ea3n m\u00e3 ho\u00e1 cho Affiliate Vi\u1ec7t Nam\"><\/a><\/div>\r\n        <\/div><!-- Featured Image -->\r\n<!-- Entry Title -->\r\n<div class=\"entry-title\">\r\n\t<h4>    \t<a href=\"https:\/\/abaii.com.vn\/en\/vien-abaii-va-accesstrade-hop-tac-dao-tao-chuan-muc-tai-san-ma-hoa-cho-affiliate-viet-nam\/\" title=\"Permalink to Vi\u1ec7n ABAII v\u00e0 ACCESSTRADE h\u1ee3p t\u00e1c \u0111\u00e0o t\u1ea1o chu\u1ea9n m\u1ef1c t\u00e0i s\u1ea3n m\u00e3 ho\u00e1 cho Affiliate Vi\u1ec7t Nam\">Vi\u1ec7n ABAII v\u00e0 ACCESSTRADE h\u1ee3p t\u00e1c \u0111\u00e0o t\u1ea1o chu\u1ea9n m\u1ef1c t\u00e0i s\u1ea3n m\u00e3 ho\u00e1 cho Affiliate Vi\u1ec7t Nam<\/a>\r\n\t<\/h4>\r\n<\/div><!-- Entry Title -->\r\n\t<div class=\"entry-body\"><p>S\u1ef1 h\u1ee3p t\u00e1c gi\u1eefa Vi\u1ec7n ABAII v\u00e0 ACCESSTRADE kh\u00f4ng ch\u1ec9 l\u00e0 m\u1ed9t b\u01b0\u1edbc ti\u1ebfn v\u1ec1 \u0111\u00e0o t\u1ea1o v\u00e0 n\u00e2ng cao nh\u1eadn th\u1ee9c affiliate marketing trong l\u0129nh v\u1ef1c blockchain v\u00e0 t\u00e0i s\u1ea3n m\u00e3 h\u00f3a, m\u00e0 c\u00f2n l\u00e0 cam k\u1ebft chung trong vi\u1ec7c n\u00e2ng cao nh\u1eadn...<\/p><\/div>\r\n\r\n<!-- Entry Date -->\r\n<div class=\"entry-date\">\r\n\t<!-- <i class=\"wdticon-calendar\"> <\/i> -->\r\n\t15 October 2025<\/div><!-- Entry Date --><\/article><\/div><div class=\"entry-list-layout wdt-simple-style entry-left-thumb wdt-scaleout-hover wdt-default-overlay column wdt-one-column wdt-post-entry\"><article id=\"post-4874\" class=\"post-4874 post type-post status-publish format-standard has-post-thumbnail hentry category-conference category-unitour-2024 tag-abaii tag-abaii-unitour blog-entry\">\r\n\r\n\r\n\t<!-- Featured Image -->\r\n\t<div class=\"entry-thumb\">\r\n\t\t\r\n<div class=\"blog-image\"><a style=\"background-image:url(https:\/\/abaii.com.vn\/wp-content\/uploads\/2025\/10\/VBA-an-pham-chinh-scaled.jpg)\" href=\"https:\/\/abaii.com.vn\/en\/abaii-unitour-2025-khoi-dong\/\" title=\"Permalink to ABAII Unitour 2025 kh\u1edfi \u0111\u1ed9ng v\u1edbi ch\u1ee7 \u0111\u1ec1 \u201cC\u00f4ng ngh\u1ec7 Blockchain v\u00e0 T\u00e0i s\u1ea3n m\u00e3 ho\u00e1: Th\u00e1ch th\u1ee9c an to\u00e0n v\u00e0 tri\u1ec3n v\u1ecdng ngh\u1ec1 nghi\u1ec7p\u201d t\u1ea1i UEL\"><\/a><\/div>\r\n        <\/div><!-- Featured Image -->\r\n<!-- Entry Title -->\r\n<div class=\"entry-title\">\r\n\t<h4>    \t<a href=\"https:\/\/abaii.com.vn\/en\/abaii-unitour-2025-khoi-dong\/\" title=\"Permalink to ABAII Unitour 2025 kh\u1edfi \u0111\u1ed9ng v\u1edbi ch\u1ee7 \u0111\u1ec1 \u201cC\u00f4ng ngh\u1ec7 Blockchain v\u00e0 T\u00e0i s\u1ea3n m\u00e3 ho\u00e1: Th\u00e1ch th\u1ee9c an to\u00e0n v\u00e0 tri\u1ec3n v\u1ecdng ngh\u1ec1 nghi\u1ec7p\u201d t\u1ea1i UEL\">ABAII Unitour 2025 kh\u1edfi \u0111\u1ed9ng v\u1edbi ch\u1ee7 \u0111\u1ec1 \u201cC\u00f4ng ngh\u1ec7 Blockchain v\u00e0 T\u00e0i s\u1ea3n m\u00e3 ho\u00e1: Th\u00e1ch th\u1ee9c an to\u00e0n v\u00e0 tri\u1ec3n v\u1ecdng ngh\u1ec1 nghi\u1ec7p\u201d t\u1ea1i UEL<\/a>\r\n\t<\/h4>\r\n<\/div><!-- Entry Title -->\r\n\t<div class=\"entry-body\"><p>Ng\u00e0y 17\/10\/2025, Vi\u1ec7n C\u00f4ng ngh\u1ec7 Blockchain v\u00e0 Tr\u00ed tu\u1ec7 nh\u00e2n t\u1ea1o ABAII ph\u1ed1i h\u1ee3p c\u00f9ng Hi\u1ec7p h\u1ed9i Blockchain &amp; T\u00e0i s\u1ea3n s\u1ed1 Vi\u1ec7t Nam (VBA) v\u00e0 Tr\u01b0\u1eddng \u0110\u1ea1i h\u1ecdc Kinh t\u1ebf &#8211; Lu\u1eadt (UEL) t\u1ed5 ch\u1ee9c h\u1ed9i th\u1ea3o \u201cC\u00f4ng ngh\u1ec7 Blockchain v\u00e0 T\u00e0i s\u1ea3n...<\/p><\/div>\r\n\r\n<!-- Entry Date -->\r\n<div class=\"entry-date\">\r\n\t<!-- <i class=\"wdticon-calendar\"> <\/i> -->\r\n\t15 October 2025<\/div><!-- Entry Date --><\/article><\/div><\/div><div class=\"pagination blog-pagination\"><div class=\"column one pager_wrapper\"><ul class='page-numbers'>\n\t<li><span aria-current=\"page\" class=\"page-numbers current\">01<\/span><\/li>\n\t<li><a class=\"page-numbers\" href=\"https:\/\/abaii.com.vn\/en\/wp-json\/wp\/v2\/pages\/257\/page\/2\/\">02<\/a><\/li>\n\t<li><a class=\"page-numbers\" href=\"https:\/\/abaii.com.vn\/en\/wp-json\/wp\/v2\/pages\/257\/page\/3\/\">03<\/a><\/li>\n\t<li><span class=\"page-numbers dots\">&hellip;<\/span><\/li>\n\t<li><a class=\"page-numbers\" href=\"https:\/\/abaii.com.vn\/en\/wp-json\/wp\/v2\/pages\/257\/page\/25\/\">25<\/a><\/li>\n\t<li><a class=\"next page-numbers\" href=\"https:\/\/abaii.com.vn\/en\/wp-json\/wp\/v2\/pages\/257\/page\/2\/\">Trang sau<span><i class=\"fa fa-circle\" aria-hidden=\"true\"><\/i><\/span><\/a><\/li>\n<\/ul>\n<\/div>\n<\/div><\/div>\t\t\t\t<\/div>\n\t\t\t\t<\/div>\n\t\t\t\t\t<\/div>\n\t\t<\/div>\n\t\t\t\t\t<\/div>\n\t\t<\/section>\n\t\t\t\t<\/div>","protected":false},"excerpt":{"rendered":"<p>Ch\u01b0\u01a1ng tr\u00ecnh Uni-Tour 2024 Uni-Tour 2024 l\u00e0 ch\u01b0\u01a1ng tr\u00ecnh \u0111\u1eb7c bi\u1ec7t do Vi\u1ec7n C\u00f4ng ngh\u1ec7 Blockchain v\u00e0 AI ABAII t\u1ed5 ch\u1ee9c d\u00e0nh ri\u00eang cho sinh vi\u00ean t\u1ea1i c\u00e1c tr\u01b0\u1eddng \u0111\u1ea1i h\u1ecdc, cao \u0111\u1eb3ng tr\u00ean c\u1ea3 n\u01b0\u1edbc. 21 Th\u00e1ng T\u01b0 2024 Unitour #5 \u0110i\u1ec3m d\u1eebng ch\u00e2n cu\u1ed1i c\u00f9ng c\u1ee7a ph\u1ea7n I l\u00e0, h\u1ed9i th\u1ea3o \u201cC\u01a1 h\u1ed9i [&hellip;]<\/p>","protected":false},"author":1,"featured_media":0,"parent":0,"menu_order":0,"comment_status":"closed","ping_status":"closed","template":"","meta":{"ngg_post_thumbnail":0,"footnotes":""},"class_list":["post-257","page","type-page","status-publish","hentry","blog-entry","format-standard"],"aioseo_notices":[],"_links":{"self":[{"href":"https:\/\/abaii.com.vn\/en\/wp-json\/wp\/v2\/pages\/257","targetHints":{"allow":["GET"]}}],"collection":[{"href":"https:\/\/abaii.com.vn\/en\/wp-json\/wp\/v2\/pages"}],"about":[{"href":"https:\/\/abaii.com.vn\/en\/wp-json\/wp\/v2\/types\/page"}],"author":[{"embeddable":true,"href":"https:\/\/abaii.com.vn\/en\/wp-json\/wp\/v2\/users\/1"}],"replies":[{"embeddable":true,"href":"https:\/\/abaii.com.vn\/en\/wp-json\/wp\/v2\/comments?post=257"}],"version-history":[{"count":43,"href":"https:\/\/abaii.com.vn\/en\/wp-json\/wp\/v2\/pages\/257\/revisions"}],"predecessor-version":[{"id":2366,"href":"https:\/\/abaii.com.vn\/en\/wp-json\/wp\/v2\/pages\/257\/revisions\/2366"}],"wp:attachment":[{"href":"https:\/\/abaii.com.vn\/en\/wp-json\/wp\/v2\/media?parent=257"}],"curies":[{"name":"wp","href":"https:\/\/api.w.org\/{rel}","templated":true}]}}