{"id":3324,"date":"2024-07-20T14:59:03","date_gmt":"2024-07-20T07:59:03","guid":{"rendered":"https:\/\/abaii.com.vn\/?page_id=3324"},"modified":"2024-07-20T15:01:13","modified_gmt":"2024-07-20T08:01:13","slug":"tin-tuc","status":"publish","type":"page","link":"https:\/\/abaii.com.vn\/en\/tin-tuc\/","title":{"rendered":"Tin t\u1ee9c"},"content":{"rendered":"<div data-elementor-type=\"wp-page\" data-elementor-id=\"3324\" class=\"elementor elementor-3324\" data-elementor-post-type=\"page\">\n\t\t\t\t\t\t<section class=\"elementor-section elementor-top-section elementor-element elementor-element-208aa06 elementor-section-full_width elementor-section-stretched elementor-section-height-default elementor-section-height-default\" data-id=\"208aa06\" data-element_type=\"section\" data-settings=\"{&quot;stretch_section&quot;:&quot;section-stretched&quot;,&quot;wdt_bg_image&quot;:{&quot;url&quot;:&quot;&quot;,&quot;id&quot;:&quot;&quot;,&quot;size&quot;:&quot;&quot;},&quot;wdt_bg_image_widescreen&quot;:{&quot;url&quot;:&quot;&quot;,&quot;id&quot;:&quot;&quot;,&quot;size&quot;:&quot;&quot;},&quot;wdt_bg_image_laptop&quot;:{&quot;url&quot;:&quot;&quot;,&quot;id&quot;:&quot;&quot;,&quot;size&quot;:&quot;&quot;},&quot;wdt_bg_image_tablet_extra&quot;:{&quot;url&quot;:&quot;&quot;,&quot;id&quot;:&quot;&quot;,&quot;size&quot;:&quot;&quot;},&quot;wdt_bg_image_tablet&quot;:{&quot;url&quot;:&quot;&quot;,&quot;id&quot;:&quot;&quot;,&quot;size&quot;:&quot;&quot;},&quot;wdt_bg_image_mobile_extra&quot;:{&quot;url&quot;:&quot;&quot;,&quot;id&quot;:&quot;&quot;,&quot;size&quot;:&quot;&quot;},&quot;wdt_bg_image_mobile&quot;:{&quot;url&quot;:&quot;&quot;,&quot;id&quot;:&quot;&quot;,&quot;size&quot;:&quot;&quot;},&quot;wdt_bg_position&quot;:&quot;center center&quot;,&quot;wdt_animation_effect&quot;:&quot;none&quot;}\">\n\t\t\t\t\t\t<div class=\"elementor-container elementor-column-gap-no\">\n\t\t\t\t\t<div class=\"elementor-column elementor-col-100 elementor-top-column elementor-element elementor-element-d88260d\" data-id=\"d88260d\" data-element_type=\"column\">\n\t\t\t<div class=\"elementor-widget-wrap elementor-element-populated\">\n\t\t\t\t\t\t<section class=\"elementor-section elementor-inner-section elementor-element elementor-element-d8e70c4 elementor-section-full_width elementor-section-height-default elementor-section-height-default\" data-id=\"d8e70c4\" data-element_type=\"section\" data-settings=\"{&quot;wdt_bg_image&quot;:{&quot;url&quot;:&quot;&quot;,&quot;id&quot;:&quot;&quot;,&quot;size&quot;:&quot;&quot;},&quot;wdt_bg_image_widescreen&quot;:{&quot;url&quot;:&quot;&quot;,&quot;id&quot;:&quot;&quot;,&quot;size&quot;:&quot;&quot;},&quot;wdt_bg_image_laptop&quot;:{&quot;url&quot;:&quot;&quot;,&quot;id&quot;:&quot;&quot;,&quot;size&quot;:&quot;&quot;},&quot;wdt_bg_image_tablet_extra&quot;:{&quot;url&quot;:&quot;&quot;,&quot;id&quot;:&quot;&quot;,&quot;size&quot;:&quot;&quot;},&quot;wdt_bg_image_tablet&quot;:{&quot;url&quot;:&quot;&quot;,&quot;id&quot;:&quot;&quot;,&quot;size&quot;:&quot;&quot;},&quot;wdt_bg_image_mobile_extra&quot;:{&quot;url&quot;:&quot;&quot;,&quot;id&quot;:&quot;&quot;,&quot;size&quot;:&quot;&quot;},&quot;wdt_bg_image_mobile&quot;:{&quot;url&quot;:&quot;&quot;,&quot;id&quot;:&quot;&quot;,&quot;size&quot;:&quot;&quot;},&quot;wdt_bg_position&quot;:&quot;center center&quot;,&quot;wdt_animation_effect&quot;:&quot;none&quot;}\">\n\t\t\t\t\t\t<div class=\"elementor-container elementor-column-gap-no\">\n\t\t\t\t\t<div class=\"elementor-column elementor-col-100 elementor-inner-column elementor-element elementor-element-2e7b165\" data-id=\"2e7b165\" data-element_type=\"column\">\n\t\t\t<div class=\"elementor-widget-wrap elementor-element-populated\">\n\t\t\t\t\t\t<div class=\"elementor-element elementor-element-3452df8 elementor-widget elementor-widget-wdt-blog-posts\" data-id=\"3452df8\" data-element_type=\"widget\" data-settings=\"{&quot;wdt_animation_effect&quot;:&quot;none&quot;}\" data-widget_type=\"wdt-blog-posts.default\">\n\t\t\t\t<div class=\"elementor-widget-container\">\n\t\t\t\t\t<div class=\"wdt-posts-list-wrapper  wdt-post-list-carousel-3452df8\" ><div class='tpl-blog-holder  apply-isotope'><div class='grid-sizer  entry-grid-layout wdt-overlap-style wdt-scaleout-hover wdt-fixed-overlay alignnone column wdt-one-half wdt-post-entry'><\/div><div class=\"entry-grid-layout wdt-overlap-style wdt-scaleout-hover wdt-fixed-overlay alignnone column wdt-one-half wdt-post-entry\"><article id=\"post-4902\" class=\"post-4902 post type-post status-publish format-standard has-post-thumbnail hentry category-conference blog-entry\">\r\n\r\n\r\n\t<!-- Featured Image -->\r\n\t<div class=\"entry-thumb\">\r\n\t\t\r\n<a href=\"https:\/\/abaii.com.vn\/en\/abaii-unitour-3-hoi-thao-tai-san-ma-hoa-co-hoi-rui-ro-va-nhan-dien-lua-dao\/\" title=\"Permalink to ABAII Unitour #3: H\u1ed9i th\u1ea3o \u201cT\u00e0i s\u1ea3n m\u00e3 h\u00f3a: C\u01a1 h\u1ed9i, r\u1ee7i ro v\u00e0 nh\u1eadn di\u1ec7n l\u1eeba \u0111\u1ea3o\u201d\"><img fetchpriority=\"high\" decoding=\"async\" width=\"3840\" height=\"2160\" src=\"https:\/\/abaii.com.vn\/wp-content\/uploads\/2025\/10\/ABAII-Unitour-NCT-NEU-2810.png\" class=\"attachment-wdt-blog-ii-column size-wdt-blog-ii-column wp-post-image\" alt=\"t\u00e0i s\u1ea3n m\u00e3 h\u00f3a\" srcset=\"https:\/\/abaii.com.vn\/wp-content\/uploads\/2025\/10\/ABAII-Unitour-NCT-NEU-2810.png 3840w, https:\/\/abaii.com.vn\/wp-content\/uploads\/2025\/10\/ABAII-Unitour-NCT-NEU-2810-300x169.png 300w, https:\/\/abaii.com.vn\/wp-content\/uploads\/2025\/10\/ABAII-Unitour-NCT-NEU-2810-1024x576.png 1024w, https:\/\/abaii.com.vn\/wp-content\/uploads\/2025\/10\/ABAII-Unitour-NCT-NEU-2810-768x432.png 768w, https:\/\/abaii.com.vn\/wp-content\/uploads\/2025\/10\/ABAII-Unitour-NCT-NEU-2810-1536x864.png 1536w, https:\/\/abaii.com.vn\/wp-content\/uploads\/2025\/10\/ABAII-Unitour-NCT-NEU-2810-2048x1152.png 2048w, https:\/\/abaii.com.vn\/wp-content\/uploads\/2025\/10\/ABAII-Unitour-NCT-NEU-2810-18x10.png 18w\" sizes=\"(max-width: 3840px) 100vw, 3840px\" \/><\/a>\r\n        <\/div><!-- Featured Image -->\r\n<!-- Entry Date -->\r\n<div class=\"entry-date\">\r\n\ton 23 October 2025 at 09:38<\/div><!-- Entry Date -->\r\n<!-- Entry Title -->\r\n<div class=\"entry-title\">\r\n\t<h4>    \t<a href=\"https:\/\/abaii.com.vn\/en\/abaii-unitour-3-hoi-thao-tai-san-ma-hoa-co-hoi-rui-ro-va-nhan-dien-lua-dao\/\" title=\"Permalink to ABAII Unitour #3: H\u1ed9i th\u1ea3o \u201cT\u00e0i s\u1ea3n m\u00e3 h\u00f3a: C\u01a1 h\u1ed9i, r\u1ee7i ro v\u00e0 nh\u1eadn di\u1ec7n l\u1eeba \u0111\u1ea3o\u201d\">ABAII Unitour #3: H\u1ed9i th\u1ea3o \u201cT\u00e0i s\u1ea3n m\u00e3 h\u00f3a: C\u01a1 h\u1ed9i, r\u1ee7i ro v\u00e0 nh\u1eadn di\u1ec7n l\u1eeba \u0111\u1ea3o\u201d<\/a>\r\n\t<\/h4>\r\n<\/div><!-- Entry Title -->\r\n\t<div class=\"entry-body\"><p>Trong b\u1ed1i c\u1ea3nh n\u1ec1n kinh t\u1ebf s\u1ed1 t\u0103ng tr\u01b0\u1edfng m\u1ea1nh m\u1ebd, t\u00e0i s\u1ea3n m\u00e3...<\/p><\/div>\r\n\r\n<!-- Entry Button --><div class=\"entry-button wdt-core-button\"><a href=\"https:\/\/abaii.com.vn\/en\/abaii-unitour-3-hoi-thao-tai-san-ma-hoa-co-hoi-rui-ro-va-nhan-dien-lua-dao\/\" title=\"ABAII Unitour #3: H\u1ed9i th\u1ea3o \u201cT\u00e0i s\u1ea3n m\u00e3 h\u00f3a: C\u01a1 h\u1ed9i, r\u1ee7i ro v\u00e0 nh\u1eadn di\u1ec7n l\u1eeba \u0111\u1ea3o\u201d\" class=\"wdt-button\">>>><span><svg xmlns=\"http:\/\/www.w3.org\/2000\/svg\" xmlns:xlink=\"http:\/\/www.w3.org\/1999\/xlink\" x=\"0px\" y=\"0px\" viewbox=\"0 0 100 59\" style=\"enable-background:new 0 0 100 59;\" xml:space=\"preserve\"><polygon points=\"59.9,6.1 79.4,25.7 6,25.7 6,33.3 79.4,33.3 59.9,52.9 65.3,58.2 94,29.5 65.3,0.8 \"><\/polygon><\/svg><\/span><\/a><\/div><!-- Entry Button --><\/article><\/div><div class=\"entry-grid-layout wdt-overlap-style wdt-scaleout-hover wdt-fixed-overlay alignnone column wdt-one-half wdt-post-entry\"><article id=\"post-4899\" class=\"post-4899 post type-post status-publish format-standard has-post-thumbnail hentry category-conference tag-blockchain tag-vba-2 blog-entry\">\r\n\r\n\r\n\t<!-- Featured Image -->\r\n\t<div class=\"entry-thumb\">\r\n\t\t\r\n<a href=\"https:\/\/abaii.com.vn\/en\/gia-nhap-thi-truong-tai-san-so-doanh-nghiep-viet-phai-di-bang-ca-hai-chan\/\" title=\"Permalink to Gia nh\u1eadp th\u1ecb tr\u01b0\u1eddng t\u00e0i s\u1ea3n s\u1ed1: Doanh nghi\u1ec7p Vi\u1ec7t ph\u1ea3i \u0111i b\u1eb1ng c\u1ea3 hai ch\u00e2n!\"><img decoding=\"async\" width=\"1920\" height=\"1279\" src=\"https:\/\/abaii.com.vn\/wp-content\/uploads\/2025\/10\/z7143409399012_d4e28009d7bc7b5c348f5096e92cb5a2.jpg\" class=\"attachment-wdt-blog-ii-column size-wdt-blog-ii-column wp-post-image\" alt=\"\" srcset=\"https:\/\/abaii.com.vn\/wp-content\/uploads\/2025\/10\/z7143409399012_d4e28009d7bc7b5c348f5096e92cb5a2.jpg 1920w, https:\/\/abaii.com.vn\/wp-content\/uploads\/2025\/10\/z7143409399012_d4e28009d7bc7b5c348f5096e92cb5a2-300x200.jpg 300w, https:\/\/abaii.com.vn\/wp-content\/uploads\/2025\/10\/z7143409399012_d4e28009d7bc7b5c348f5096e92cb5a2-1024x682.jpg 1024w, https:\/\/abaii.com.vn\/wp-content\/uploads\/2025\/10\/z7143409399012_d4e28009d7bc7b5c348f5096e92cb5a2-768x512.jpg 768w, https:\/\/abaii.com.vn\/wp-content\/uploads\/2025\/10\/z7143409399012_d4e28009d7bc7b5c348f5096e92cb5a2-1536x1023.jpg 1536w, https:\/\/abaii.com.vn\/wp-content\/uploads\/2025\/10\/z7143409399012_d4e28009d7bc7b5c348f5096e92cb5a2-18x12.jpg 18w\" sizes=\"(max-width: 1920px) 100vw, 1920px\" \/><\/a>\r\n        <\/div><!-- Featured Image -->\r\n<!-- Entry Date -->\r\n<div class=\"entry-date\">\r\n\ton 22 October 2025 at 17:28<\/div><!-- Entry Date -->\r\n<!-- Entry Title -->\r\n<div class=\"entry-title\">\r\n\t<h4>    \t<a href=\"https:\/\/abaii.com.vn\/en\/gia-nhap-thi-truong-tai-san-so-doanh-nghiep-viet-phai-di-bang-ca-hai-chan\/\" title=\"Permalink to Gia nh\u1eadp th\u1ecb tr\u01b0\u1eddng t\u00e0i s\u1ea3n s\u1ed1: Doanh nghi\u1ec7p Vi\u1ec7t ph\u1ea3i \u0111i b\u1eb1ng c\u1ea3 hai ch\u00e2n!\">Gia nh\u1eadp th\u1ecb tr\u01b0\u1eddng t\u00e0i s\u1ea3n s\u1ed1: Doanh nghi\u1ec7p Vi\u1ec7t ph\u1ea3i \u0111i b\u1eb1ng c\u1ea3 hai ch\u00e2n!<\/a>\r\n\t<\/h4>\r\n<\/div><!-- Entry Title -->\r\n\t<div class=\"entry-body\"><p>\u201cTh\u1ecb tr\u01b0\u1eddng t\u00e0i s\u1ea3n s\u1ed1 \u0111ang m\u1edf ra c\u01a1 h\u1ed9i l\u1edbn, nh\u01b0ng Vi\u1ec7t Nam...<\/p><\/div>\r\n\r\n<!-- Entry Button --><div class=\"entry-button wdt-core-button\"><a href=\"https:\/\/abaii.com.vn\/en\/gia-nhap-thi-truong-tai-san-so-doanh-nghiep-viet-phai-di-bang-ca-hai-chan\/\" title=\"Gia nh\u1eadp th\u1ecb tr\u01b0\u1eddng t\u00e0i s\u1ea3n s\u1ed1: Doanh nghi\u1ec7p Vi\u1ec7t ph\u1ea3i \u0111i b\u1eb1ng c\u1ea3 hai ch\u00e2n!\" class=\"wdt-button\">>>><span><svg xmlns=\"http:\/\/www.w3.org\/2000\/svg\" xmlns:xlink=\"http:\/\/www.w3.org\/1999\/xlink\" x=\"0px\" y=\"0px\" viewbox=\"0 0 100 59\" style=\"enable-background:new 0 0 100 59;\" xml:space=\"preserve\"><polygon points=\"59.9,6.1 79.4,25.7 6,25.7 6,33.3 79.4,33.3 59.9,52.9 65.3,58.2 94,29.5 65.3,0.8 \"><\/polygon><\/svg><\/span><\/a><\/div><!-- Entry Button --><\/article><\/div><div class=\"entry-grid-layout wdt-overlap-style wdt-scaleout-hover wdt-fixed-overlay alignnone column wdt-one-half wdt-post-entry\"><article id=\"post-4896\" class=\"post-4896 post type-post status-publish format-standard has-post-thumbnail hentry category-conference tag-abaii tag-unitour tag-blockchain blog-entry\">\r\n\r\n\r\n\t<!-- Featured Image -->\r\n\t<div class=\"entry-thumb\">\r\n\t\t\r\n<a href=\"https:\/\/abaii.com.vn\/en\/abaii-unitour-2025-tai-ufm\/\" title=\"Permalink to ABAII Unitour 2025 t\u1ea1i UFM: Khai ph\u00f3ng t\u01b0 duy s\u1ed1, \u0111\u1ecbnh h\u01b0\u1edbng t\u01b0\u01a1ng lai ngh\u1ec1 nghi\u1ec7p\"><img decoding=\"async\" width=\"4000\" height=\"2250\" src=\"https:\/\/abaii.com.vn\/wp-content\/uploads\/2025\/10\/Final_Back-chinh_UFM-e1761106073787.png\" class=\"attachment-wdt-blog-ii-column size-wdt-blog-ii-column wp-post-image\" alt=\"ABAII Unitour 2025 t\u1ea1i UFM: Khai ph\u00f3ng t\u01b0 duy s\u1ed1, \u0111\u1ecbnh h\u01b0\u1edbng t\u01b0\u01a1ng lai ngh\u1ec1 nghi\u1ec7p\" \/><\/a>\r\n        <\/div><!-- Featured Image -->\r\n<!-- Entry Date -->\r\n<div class=\"entry-date\">\r\n\ton 22 October 2025 at 11:05<\/div><!-- Entry Date -->\r\n<!-- Entry Title -->\r\n<div class=\"entry-title\">\r\n\t<h4>    \t<a href=\"https:\/\/abaii.com.vn\/en\/abaii-unitour-2025-tai-ufm\/\" title=\"Permalink to ABAII Unitour 2025 t\u1ea1i UFM: Khai ph\u00f3ng t\u01b0 duy s\u1ed1, \u0111\u1ecbnh h\u01b0\u1edbng t\u01b0\u01a1ng lai ngh\u1ec1 nghi\u1ec7p\">ABAII Unitour 2025 t\u1ea1i UFM: Khai ph\u00f3ng t\u01b0 duy s\u1ed1, \u0111\u1ecbnh h\u01b0\u1edbng t\u01b0\u01a1ng lai ngh\u1ec1 nghi\u1ec7p<\/a>\r\n\t<\/h4>\r\n<\/div><!-- Entry Title -->\r\n\t<div class=\"entry-body\"><p>Ng\u00e0y 25\/10\/2025, ch\u01b0\u01a1ng tr\u00ecnh ABAII Unitour 2025 do Hi\u1ec7p h\u1ed9i Blockchain &amp; T\u00e0i s\u1ea3n...<\/p><\/div>\r\n\r\n<!-- Entry Button --><div class=\"entry-button wdt-core-button\"><a href=\"https:\/\/abaii.com.vn\/en\/abaii-unitour-2025-tai-ufm\/\" title=\"ABAII Unitour 2025 t\u1ea1i UFM: Khai ph\u00f3ng t\u01b0 duy s\u1ed1, \u0111\u1ecbnh h\u01b0\u1edbng t\u01b0\u01a1ng lai ngh\u1ec1 nghi\u1ec7p\" class=\"wdt-button\">>>><span><svg xmlns=\"http:\/\/www.w3.org\/2000\/svg\" xmlns:xlink=\"http:\/\/www.w3.org\/1999\/xlink\" x=\"0px\" y=\"0px\" viewbox=\"0 0 100 59\" style=\"enable-background:new 0 0 100 59;\" xml:space=\"preserve\"><polygon points=\"59.9,6.1 79.4,25.7 6,25.7 6,33.3 79.4,33.3 59.9,52.9 65.3,58.2 94,29.5 65.3,0.8 \"><\/polygon><\/svg><\/span><\/a><\/div><!-- Entry Button --><\/article><\/div><div class=\"entry-grid-layout wdt-overlap-style wdt-scaleout-hover wdt-fixed-overlay alignnone column wdt-one-half wdt-post-entry\"><article id=\"post-4887\" class=\"post-4887 post type-post status-publish format-standard has-post-thumbnail hentry category-conference tag-abaii tag-ai tag-blockchain blog-entry\">\r\n\r\n\r\n\t<!-- Featured Image -->\r\n\t<div class=\"entry-thumb\">\r\n\t\t\r\n<a href=\"https:\/\/abaii.com.vn\/en\/blockchain-tai-san-ma-hoa-luong-40k-usd\/\" title=\"Permalink to Blockchain v\u00e0 t\u00e0i s\u1ea3n m\u00e3 ho\u00e1: Cu\u1ed9c \u0111ua gi\u00e0nh \u201ch\u1ea1t gi\u1ed1ng hi\u1ebfm\u201d v\u1edbi m\u1ee9c l\u01b0\u01a1ng 40.000 USD\/n\u0103m\"><img loading=\"lazy\" decoding=\"async\" width=\"2560\" height=\"1706\" src=\"https:\/\/abaii.com.vn\/wp-content\/uploads\/2025\/10\/z7125598594961_79048735b48a1778769ab539990af2d8.jpg\" class=\"attachment-wdt-blog-ii-column size-wdt-blog-ii-column wp-post-image\" alt=\"To\u00e0n c\u1ea3nh h\u1ed9i th\u1ea3o \u201cC\u00f4ng ngh\u1ec7 Blockchain v\u00e0 T\u00e0i s\u1ea3n m\u00e3 ho\u00e1: Th\u00e1ch th\u1ee9c an to\u00e0n v\u00e0 tri\u1ec3n v\u1ecdng ngh\u1ec1 nghi\u1ec7p\u201d, thu h\u00fat h\u01a1n 500 sinh vi\u00ean v\u00e0 gi\u1ea3ng vi\u00ean UEL tham d\u1ef1\" srcset=\"https:\/\/abaii.com.vn\/wp-content\/uploads\/2025\/10\/z7125598594961_79048735b48a1778769ab539990af2d8.jpg 2560w, https:\/\/abaii.com.vn\/wp-content\/uploads\/2025\/10\/z7125598594961_79048735b48a1778769ab539990af2d8-300x200.jpg 300w, https:\/\/abaii.com.vn\/wp-content\/uploads\/2025\/10\/z7125598594961_79048735b48a1778769ab539990af2d8-1024x682.jpg 1024w, https:\/\/abaii.com.vn\/wp-content\/uploads\/2025\/10\/z7125598594961_79048735b48a1778769ab539990af2d8-768x512.jpg 768w, https:\/\/abaii.com.vn\/wp-content\/uploads\/2025\/10\/z7125598594961_79048735b48a1778769ab539990af2d8-1536x1024.jpg 1536w, https:\/\/abaii.com.vn\/wp-content\/uploads\/2025\/10\/z7125598594961_79048735b48a1778769ab539990af2d8-2048x1365.jpg 2048w, https:\/\/abaii.com.vn\/wp-content\/uploads\/2025\/10\/z7125598594961_79048735b48a1778769ab539990af2d8-18x12.jpg 18w\" sizes=\"(max-width: 2560px) 100vw, 2560px\" \/><\/a>\r\n        <\/div><!-- Featured Image -->\r\n<!-- Entry Date -->\r\n<div class=\"entry-date\">\r\n\ton 17 October 2025 at 01:11<\/div><!-- Entry Date -->\r\n<!-- Entry Title -->\r\n<div class=\"entry-title\">\r\n\t<h4>    \t<a href=\"https:\/\/abaii.com.vn\/en\/blockchain-tai-san-ma-hoa-luong-40k-usd\/\" title=\"Permalink to Blockchain v\u00e0 t\u00e0i s\u1ea3n m\u00e3 ho\u00e1: Cu\u1ed9c \u0111ua gi\u00e0nh \u201ch\u1ea1t gi\u1ed1ng hi\u1ebfm\u201d v\u1edbi m\u1ee9c l\u01b0\u01a1ng 40.000 USD\/n\u0103m\">Blockchain v\u00e0 t\u00e0i s\u1ea3n m\u00e3 ho\u00e1: Cu\u1ed9c \u0111ua gi\u00e0nh \u201ch\u1ea1t gi\u1ed1ng hi\u1ebfm\u201d v\u1edbi m\u1ee9c l\u01b0\u01a1ng 40.000 USD\/n\u0103m<\/a>\r\n\t<\/h4>\r\n<\/div><!-- Entry Title -->\r\n\t<div class=\"entry-body\"><p>V\u1edbi th\u1ecb tr\u01b0\u1eddng t\u00e0i s\u1ea3n m\u00e3 ho\u00e1 to\u00e0n c\u1ea7u h\u01b0\u1edbng t\u1edbi m\u1ed1c 10.000 t\u1ef7...<\/p><\/div>\r\n\r\n<!-- Entry Button --><div class=\"entry-button wdt-core-button\"><a href=\"https:\/\/abaii.com.vn\/en\/blockchain-tai-san-ma-hoa-luong-40k-usd\/\" title=\"Blockchain v\u00e0 t\u00e0i s\u1ea3n m\u00e3 ho\u00e1: Cu\u1ed9c \u0111ua gi\u00e0nh \u201ch\u1ea1t gi\u1ed1ng hi\u1ebfm\u201d v\u1edbi m\u1ee9c l\u01b0\u01a1ng 40.000 USD\/n\u0103m\" class=\"wdt-button\">>>><span><svg xmlns=\"http:\/\/www.w3.org\/2000\/svg\" xmlns:xlink=\"http:\/\/www.w3.org\/1999\/xlink\" x=\"0px\" y=\"0px\" viewbox=\"0 0 100 59\" style=\"enable-background:new 0 0 100 59;\" xml:space=\"preserve\"><polygon points=\"59.9,6.1 79.4,25.7 6,25.7 6,33.3 79.4,33.3 59.9,52.9 65.3,58.2 94,29.5 65.3,0.8 \"><\/polygon><\/svg><\/span><\/a><\/div><!-- Entry Button --><\/article><\/div><div class=\"entry-grid-layout wdt-overlap-style wdt-scaleout-hover wdt-fixed-overlay alignnone column wdt-one-half wdt-post-entry\"><article id=\"post-4879\" class=\"post-4879 post type-post status-publish format-standard has-post-thumbnail hentry category-conference blog-entry\">\r\n\r\n\r\n\t<!-- Featured Image -->\r\n\t<div class=\"entry-thumb\">\r\n\t\t\r\n<a href=\"https:\/\/abaii.com.vn\/en\/vien-abaii-va-accesstrade-hop-tac-dao-tao-chuan-muc-tai-san-ma-hoa-cho-affiliate-viet-nam\/\" title=\"Permalink to Vi\u1ec7n ABAII v\u00e0 ACCESSTRADE h\u1ee3p t\u00e1c \u0111\u00e0o t\u1ea1o chu\u1ea9n m\u1ef1c t\u00e0i s\u1ea3n m\u00e3 ho\u00e1 cho Affiliate Vi\u1ec7t Nam\"><img loading=\"lazy\" decoding=\"async\" width=\"2560\" height=\"1706\" src=\"https:\/\/abaii.com.vn\/wp-content\/uploads\/2025\/10\/tai-san-ma-hoa-2.jpg\" class=\"attachment-wdt-blog-ii-column size-wdt-blog-ii-column wp-post-image\" alt=\"t\u00e0i s\u1ea3n m\u00e3 h\u00f3a\" srcset=\"https:\/\/abaii.com.vn\/wp-content\/uploads\/2025\/10\/tai-san-ma-hoa-2.jpg 2560w, https:\/\/abaii.com.vn\/wp-content\/uploads\/2025\/10\/tai-san-ma-hoa-2-300x200.jpg 300w, https:\/\/abaii.com.vn\/wp-content\/uploads\/2025\/10\/tai-san-ma-hoa-2-1024x682.jpg 1024w, https:\/\/abaii.com.vn\/wp-content\/uploads\/2025\/10\/tai-san-ma-hoa-2-768x512.jpg 768w, https:\/\/abaii.com.vn\/wp-content\/uploads\/2025\/10\/tai-san-ma-hoa-2-1536x1024.jpg 1536w, https:\/\/abaii.com.vn\/wp-content\/uploads\/2025\/10\/tai-san-ma-hoa-2-2048x1365.jpg 2048w, https:\/\/abaii.com.vn\/wp-content\/uploads\/2025\/10\/tai-san-ma-hoa-2-18x12.jpg 18w\" sizes=\"(max-width: 2560px) 100vw, 2560px\" \/><\/a>\r\n        <\/div><!-- Featured Image -->\r\n<!-- Entry Date -->\r\n<div class=\"entry-date\">\r\n\ton 15 October 2025 at 11:42<\/div><!-- Entry Date -->\r\n<!-- Entry Title -->\r\n<div class=\"entry-title\">\r\n\t<h4>    \t<a href=\"https:\/\/abaii.com.vn\/en\/vien-abaii-va-accesstrade-hop-tac-dao-tao-chuan-muc-tai-san-ma-hoa-cho-affiliate-viet-nam\/\" title=\"Permalink to Vi\u1ec7n ABAII v\u00e0 ACCESSTRADE h\u1ee3p t\u00e1c \u0111\u00e0o t\u1ea1o chu\u1ea9n m\u1ef1c t\u00e0i s\u1ea3n m\u00e3 ho\u00e1 cho Affiliate Vi\u1ec7t Nam\">Vi\u1ec7n ABAII v\u00e0 ACCESSTRADE h\u1ee3p t\u00e1c \u0111\u00e0o t\u1ea1o chu\u1ea9n m\u1ef1c t\u00e0i s\u1ea3n m\u00e3 ho\u00e1 cho Affiliate Vi\u1ec7t Nam<\/a>\r\n\t<\/h4>\r\n<\/div><!-- Entry Title -->\r\n\t<div class=\"entry-body\"><p>S\u1ef1 h\u1ee3p t\u00e1c gi\u1eefa Vi\u1ec7n ABAII v\u00e0 ACCESSTRADE kh\u00f4ng ch\u1ec9 l\u00e0 m\u1ed9t b\u01b0\u1edbc ti\u1ebfn...<\/p><\/div>\r\n\r\n<!-- Entry Button --><div class=\"entry-button wdt-core-button\"><a href=\"https:\/\/abaii.com.vn\/en\/vien-abaii-va-accesstrade-hop-tac-dao-tao-chuan-muc-tai-san-ma-hoa-cho-affiliate-viet-nam\/\" title=\"Vi\u1ec7n ABAII v\u00e0 ACCESSTRADE h\u1ee3p t\u00e1c \u0111\u00e0o t\u1ea1o chu\u1ea9n m\u1ef1c t\u00e0i s\u1ea3n m\u00e3 ho\u00e1 cho Affiliate Vi\u1ec7t Nam\" class=\"wdt-button\">>>><span><svg xmlns=\"http:\/\/www.w3.org\/2000\/svg\" xmlns:xlink=\"http:\/\/www.w3.org\/1999\/xlink\" x=\"0px\" y=\"0px\" viewbox=\"0 0 100 59\" style=\"enable-background:new 0 0 100 59;\" xml:space=\"preserve\"><polygon points=\"59.9,6.1 79.4,25.7 6,25.7 6,33.3 79.4,33.3 59.9,52.9 65.3,58.2 94,29.5 65.3,0.8 \"><\/polygon><\/svg><\/span><\/a><\/div><!-- Entry Button --><\/article><\/div><div class=\"entry-grid-layout wdt-overlap-style wdt-scaleout-hover wdt-fixed-overlay alignnone column wdt-one-half wdt-post-entry\"><article id=\"post-4874\" class=\"post-4874 post type-post status-publish format-standard has-post-thumbnail hentry category-conference category-unitour-2024 tag-abaii tag-abaii-unitour blog-entry\">\r\n\r\n\r\n\t<!-- Featured Image -->\r\n\t<div class=\"entry-thumb\">\r\n\t\t\r\n<a href=\"https:\/\/abaii.com.vn\/en\/abaii-unitour-2025-khoi-dong\/\" title=\"Permalink to ABAII Unitour 2025 kh\u1edfi \u0111\u1ed9ng v\u1edbi ch\u1ee7 \u0111\u1ec1 \u201cC\u00f4ng ngh\u1ec7 Blockchain v\u00e0 T\u00e0i s\u1ea3n m\u00e3 ho\u00e1: Th\u00e1ch th\u1ee9c an to\u00e0n v\u00e0 tri\u1ec3n v\u1ecdng ngh\u1ec1 nghi\u1ec7p\u201d t\u1ea1i UEL\"><img loading=\"lazy\" decoding=\"async\" width=\"2560\" height=\"1707\" src=\"https:\/\/abaii.com.vn\/wp-content\/uploads\/2025\/10\/VBA-an-pham-chinh-scaled.jpg\" class=\"attachment-wdt-blog-ii-column size-wdt-blog-ii-column wp-post-image\" alt=\"ABAII Unitour 2025 kh\u1edfi \u0111\u1ed9ng v\u1edbi ch\u1ee7 \u0111\u1ec1 \u201cC\u00f4ng ngh\u1ec7 Blockchain v\u00e0 T\u00e0i s\u1ea3n m\u00e3 ho\u00e1: Th\u00e1ch th\u1ee9c an to\u00e0n v\u00e0 tri\u1ec3n v\u1ecdng ngh\u1ec1 nghi\u1ec7p\u201d t\u1ea1i UEL\" srcset=\"https:\/\/abaii.com.vn\/wp-content\/uploads\/2025\/10\/VBA-an-pham-chinh-scaled.jpg 2560w, https:\/\/abaii.com.vn\/wp-content\/uploads\/2025\/10\/VBA-an-pham-chinh-300x200.jpg 300w, https:\/\/abaii.com.vn\/wp-content\/uploads\/2025\/10\/VBA-an-pham-chinh-1024x683.jpg 1024w, https:\/\/abaii.com.vn\/wp-content\/uploads\/2025\/10\/VBA-an-pham-chinh-768x512.jpg 768w, https:\/\/abaii.com.vn\/wp-content\/uploads\/2025\/10\/VBA-an-pham-chinh-1536x1024.jpg 1536w, https:\/\/abaii.com.vn\/wp-content\/uploads\/2025\/10\/VBA-an-pham-chinh-2048x1365.jpg 2048w, https:\/\/abaii.com.vn\/wp-content\/uploads\/2025\/10\/VBA-an-pham-chinh-18x12.jpg 18w\" sizes=\"(max-width: 2560px) 100vw, 2560px\" \/><\/a>\r\n        <\/div><!-- Featured Image -->\r\n<!-- Entry Date -->\r\n<div class=\"entry-date\">\r\n\ton 15 October 2025 at 10:04<\/div><!-- Entry Date -->\r\n<!-- Entry Title -->\r\n<div class=\"entry-title\">\r\n\t<h4>    \t<a href=\"https:\/\/abaii.com.vn\/en\/abaii-unitour-2025-khoi-dong\/\" title=\"Permalink to ABAII Unitour 2025 kh\u1edfi \u0111\u1ed9ng v\u1edbi ch\u1ee7 \u0111\u1ec1 \u201cC\u00f4ng ngh\u1ec7 Blockchain v\u00e0 T\u00e0i s\u1ea3n m\u00e3 ho\u00e1: Th\u00e1ch th\u1ee9c an to\u00e0n v\u00e0 tri\u1ec3n v\u1ecdng ngh\u1ec1 nghi\u1ec7p\u201d t\u1ea1i UEL\">ABAII Unitour 2025 kh\u1edfi \u0111\u1ed9ng v\u1edbi ch\u1ee7 \u0111\u1ec1 \u201cC\u00f4ng ngh\u1ec7 Blockchain v\u00e0 T\u00e0i s\u1ea3n m\u00e3 ho\u00e1: Th\u00e1ch th\u1ee9c an to\u00e0n v\u00e0 tri\u1ec3n v\u1ecdng ngh\u1ec1 nghi\u1ec7p\u201d t\u1ea1i UEL<\/a>\r\n\t<\/h4>\r\n<\/div><!-- Entry Title -->\r\n\t<div class=\"entry-body\"><p>Ng\u00e0y 17\/10\/2025, Vi\u1ec7n C\u00f4ng ngh\u1ec7 Blockchain v\u00e0 Tr\u00ed tu\u1ec7 nh\u00e2n t\u1ea1o ABAII ph\u1ed1i h\u1ee3p...<\/p><\/div>\r\n\r\n<!-- Entry Button --><div class=\"entry-button wdt-core-button\"><a href=\"https:\/\/abaii.com.vn\/en\/abaii-unitour-2025-khoi-dong\/\" title=\"ABAII Unitour 2025 kh\u1edfi \u0111\u1ed9ng v\u1edbi ch\u1ee7 \u0111\u1ec1 \u201cC\u00f4ng ngh\u1ec7 Blockchain v\u00e0 T\u00e0i s\u1ea3n m\u00e3 ho\u00e1: Th\u00e1ch th\u1ee9c an to\u00e0n v\u00e0 tri\u1ec3n v\u1ecdng ngh\u1ec1 nghi\u1ec7p\u201d t\u1ea1i UEL\" class=\"wdt-button\">>>><span><svg xmlns=\"http:\/\/www.w3.org\/2000\/svg\" xmlns:xlink=\"http:\/\/www.w3.org\/1999\/xlink\" x=\"0px\" y=\"0px\" viewbox=\"0 0 100 59\" style=\"enable-background:new 0 0 100 59;\" xml:space=\"preserve\"><polygon points=\"59.9,6.1 79.4,25.7 6,25.7 6,33.3 79.4,33.3 59.9,52.9 65.3,58.2 94,29.5 65.3,0.8 \"><\/polygon><\/svg><\/span><\/a><\/div><!-- Entry Button --><\/article><\/div><\/div><div class=\"pagination blog-pagination\"><div class=\"column one pager_wrapper\"><ul class='page-numbers'>\n\t<li><span aria-current=\"page\" class=\"page-numbers current\">01<\/span><\/li>\n\t<li><a class=\"page-numbers\" href=\"https:\/\/abaii.com.vn\/en\/wp-json\/wp\/v2\/pages\/3324\/page\/2\/\">02<\/a><\/li>\n\t<li><a class=\"page-numbers\" href=\"https:\/\/abaii.com.vn\/en\/wp-json\/wp\/v2\/pages\/3324\/page\/3\/\">03<\/a><\/li>\n\t<li><span class=\"page-numbers dots\">&hellip;<\/span><\/li>\n\t<li><a class=\"page-numbers\" href=\"https:\/\/abaii.com.vn\/en\/wp-json\/wp\/v2\/pages\/3324\/page\/35\/\">35<\/a><\/li>\n\t<li><a class=\"next page-numbers\" href=\"https:\/\/abaii.com.vn\/en\/wp-json\/wp\/v2\/pages\/3324\/page\/2\/\">Trang sau<span><i class=\"fa fa-circle\" aria-hidden=\"true\"><\/i><\/span><\/a><\/li>\n<\/ul>\n<\/div>\n<\/div><\/div>\t\t\t\t<\/div>\n\t\t\t\t<\/div>\n\t\t\t\t\t<\/div>\n\t\t<\/div>\n\t\t\t\t\t<\/div>\n\t\t<\/section>\n\t\t\t\t\t<\/div>\n\t\t<\/div>\n\t\t\t\t\t<\/div>\n\t\t<\/section>\n\t\t\t\t<\/div>","protected":false},"excerpt":{"rendered":"<p>on 18 Th\u00e1ng B\u1ea3y 2024 at 11:41 \u0110\u00e0o t\u1ea1o \u201cGi\u1ea3i m\u00e3 s\u1ee9c m\u1ea1nh AI &#8211; N\u00e2ng t\u1ea7m doanh nghi\u1ec7p\u201d cho c\u00e1n b\u1ed9 VCCI \u0110\u00e0 N\u1eb5ng Ng\u00e0y 12\/7\/2024, Vi\u1ec7n C\u00f4ng ngh\u1ec7 Blockchain v\u00e0 Tr\u00ed tu\u1ec7 nh\u00e2n t\u1ea1o ABAII \u0111\u00e3 t\u1ed5&#8230; >>> on 12 Th\u00e1ng B\u1ea3y 2024 at 10:21 Hi\u1ec7p h\u1ed9i Blockchain Vi\u1ec7t Nam g\u00f3p \u00fd v\u1ec1 [&hellip;]<\/p>","protected":false},"author":3,"featured_media":0,"parent":0,"menu_order":0,"comment_status":"closed","ping_status":"closed","template":"elementor_theme","meta":{"ngg_post_thumbnail":0,"footnotes":""},"class_list":["post-3324","page","type-page","status-publish","hentry","blog-entry","format-standard"],"aioseo_notices":[],"_links":{"self":[{"href":"https:\/\/abaii.com.vn\/en\/wp-json\/wp\/v2\/pages\/3324","targetHints":{"allow":["GET"]}}],"collection":[{"href":"https:\/\/abaii.com.vn\/en\/wp-json\/wp\/v2\/pages"}],"about":[{"href":"https:\/\/abaii.com.vn\/en\/wp-json\/wp\/v2\/types\/page"}],"author":[{"embeddable":true,"href":"https:\/\/abaii.com.vn\/en\/wp-json\/wp\/v2\/users\/3"}],"replies":[{"embeddable":true,"href":"https:\/\/abaii.com.vn\/en\/wp-json\/wp\/v2\/comments?post=3324"}],"version-history":[{"count":4,"href":"https:\/\/abaii.com.vn\/en\/wp-json\/wp\/v2\/pages\/3324\/revisions"}],"predecessor-version":[{"id":3328,"href":"https:\/\/abaii.com.vn\/en\/wp-json\/wp\/v2\/pages\/3324\/revisions\/3328"}],"wp:attachment":[{"href":"https:\/\/abaii.com.vn\/en\/wp-json\/wp\/v2\/media?parent=3324"}],"curies":[{"name":"wp","href":"https:\/\/api.w.org\/{rel}","templated":true}]}}