{"id":657,"date":"2023-06-20T07:04:27","date_gmt":"2023-06-20T07:04:27","guid":{"rendered":"https:\/\/abaii.com.vn\/?page_id=657"},"modified":"2024-05-04T20:04:26","modified_gmt":"2024-05-04T13:04:26","slug":"weekly-ai-news","status":"publish","type":"page","link":"https:\/\/abaii.com.vn\/en\/weekly-ai-news\/","title":{"rendered":"Weekly AI News"},"content":{"rendered":"<div data-elementor-type=\"wp-page\" data-elementor-id=\"657\" class=\"elementor elementor-657\" data-elementor-post-type=\"page\">\n\t\t\t\t\t\t<section class=\"elementor-section elementor-top-section elementor-element elementor-element-208aa06 elementor-section-full_width elementor-section-stretched elementor-section-height-default elementor-section-height-default\" data-id=\"208aa06\" data-element_type=\"section\" data-settings=\"{&quot;stretch_section&quot;:&quot;section-stretched&quot;,&quot;wdt_bg_image&quot;:{&quot;url&quot;:&quot;&quot;,&quot;id&quot;:&quot;&quot;,&quot;size&quot;:&quot;&quot;},&quot;wdt_bg_image_widescreen&quot;:{&quot;url&quot;:&quot;&quot;,&quot;id&quot;:&quot;&quot;,&quot;size&quot;:&quot;&quot;},&quot;wdt_bg_image_laptop&quot;:{&quot;url&quot;:&quot;&quot;,&quot;id&quot;:&quot;&quot;,&quot;size&quot;:&quot;&quot;},&quot;wdt_bg_image_tablet_extra&quot;:{&quot;url&quot;:&quot;&quot;,&quot;id&quot;:&quot;&quot;,&quot;size&quot;:&quot;&quot;},&quot;wdt_bg_image_tablet&quot;:{&quot;url&quot;:&quot;&quot;,&quot;id&quot;:&quot;&quot;,&quot;size&quot;:&quot;&quot;},&quot;wdt_bg_image_mobile_extra&quot;:{&quot;url&quot;:&quot;&quot;,&quot;id&quot;:&quot;&quot;,&quot;size&quot;:&quot;&quot;},&quot;wdt_bg_image_mobile&quot;:{&quot;url&quot;:&quot;&quot;,&quot;id&quot;:&quot;&quot;,&quot;size&quot;:&quot;&quot;},&quot;wdt_bg_position&quot;:&quot;center center&quot;,&quot;wdt_animation_effect&quot;:&quot;none&quot;}\">\n\t\t\t\t\t\t<div class=\"elementor-container elementor-column-gap-no\">\n\t\t\t\t\t<div class=\"elementor-column elementor-col-100 elementor-top-column elementor-element elementor-element-d88260d\" data-id=\"d88260d\" data-element_type=\"column\">\n\t\t\t<div class=\"elementor-widget-wrap elementor-element-populated\">\n\t\t\t\t\t\t<section class=\"elementor-section elementor-inner-section elementor-element elementor-element-d8e70c4 elementor-section-full_width elementor-section-height-default elementor-section-height-default\" data-id=\"d8e70c4\" data-element_type=\"section\" data-settings=\"{&quot;wdt_bg_image&quot;:{&quot;url&quot;:&quot;&quot;,&quot;id&quot;:&quot;&quot;,&quot;size&quot;:&quot;&quot;},&quot;wdt_bg_image_widescreen&quot;:{&quot;url&quot;:&quot;&quot;,&quot;id&quot;:&quot;&quot;,&quot;size&quot;:&quot;&quot;},&quot;wdt_bg_image_laptop&quot;:{&quot;url&quot;:&quot;&quot;,&quot;id&quot;:&quot;&quot;,&quot;size&quot;:&quot;&quot;},&quot;wdt_bg_image_tablet_extra&quot;:{&quot;url&quot;:&quot;&quot;,&quot;id&quot;:&quot;&quot;,&quot;size&quot;:&quot;&quot;},&quot;wdt_bg_image_tablet&quot;:{&quot;url&quot;:&quot;&quot;,&quot;id&quot;:&quot;&quot;,&quot;size&quot;:&quot;&quot;},&quot;wdt_bg_image_mobile_extra&quot;:{&quot;url&quot;:&quot;&quot;,&quot;id&quot;:&quot;&quot;,&quot;size&quot;:&quot;&quot;},&quot;wdt_bg_image_mobile&quot;:{&quot;url&quot;:&quot;&quot;,&quot;id&quot;:&quot;&quot;,&quot;size&quot;:&quot;&quot;},&quot;wdt_bg_position&quot;:&quot;center center&quot;,&quot;wdt_animation_effect&quot;:&quot;none&quot;}\">\n\t\t\t\t\t\t<div class=\"elementor-container elementor-column-gap-no\">\n\t\t\t\t\t<div class=\"elementor-column elementor-col-100 elementor-inner-column elementor-element elementor-element-2e7b165\" data-id=\"2e7b165\" data-element_type=\"column\">\n\t\t\t<div class=\"elementor-widget-wrap elementor-element-populated\">\n\t\t\t\t\t\t<div class=\"elementor-element elementor-element-3452df8 elementor-widget elementor-widget-wdt-blog-posts\" data-id=\"3452df8\" data-element_type=\"widget\" data-settings=\"{&quot;wdt_animation_effect&quot;:&quot;none&quot;}\" data-widget_type=\"wdt-blog-posts.default\">\n\t\t\t\t<div class=\"elementor-widget-container\">\n\t\t\t\t\t<div class=\"wdt-posts-list-wrapper  wdt-post-list-carousel-3452df8\" ><div class='tpl-blog-holder  apply-isotope'><div class='grid-sizer  entry-grid-layout wdt-overlap-style wdt-scaleout-hover wdt-fixed-overlay alignnone column wdt-one-half wdt-post-entry'><\/div><div class=\"entry-grid-layout wdt-overlap-style wdt-scaleout-hover wdt-fixed-overlay alignnone column wdt-one-half wdt-post-entry\"><article id=\"post-4770\" class=\"post-4770 post type-post status-publish format-standard has-post-thumbnail hentry category-weekly-ai-news blog-entry\">\r\n\r\n\r\n\t<!-- Featured Image -->\r\n\t<div class=\"entry-thumb\">\r\n\t\t\r\n<a href=\"https:\/\/abaii.com.vn\/en\/ban-tin-ai-hang-tuan-tu-ngay-04-8-10-8-2025\/\" title=\"Permalink to B\u1ea3n tin AI h\u00e0ng tu\u1ea7n (t\u1eeb ng\u00e0y 04\/8 &#8211; 10\/8\/2025)\"><img fetchpriority=\"high\" decoding=\"async\" width=\"3840\" height=\"2160\" src=\"https:\/\/abaii.com.vn\/wp-content\/uploads\/2025\/08\/AI.png\" class=\"attachment-wdt-blog-ii-column size-wdt-blog-ii-column wp-post-image\" alt=\"B\u1ea3n tin AI\" srcset=\"https:\/\/abaii.com.vn\/wp-content\/uploads\/2025\/08\/AI.png 3840w, https:\/\/abaii.com.vn\/wp-content\/uploads\/2025\/08\/AI-300x169.png 300w, https:\/\/abaii.com.vn\/wp-content\/uploads\/2025\/08\/AI-1024x576.png 1024w, https:\/\/abaii.com.vn\/wp-content\/uploads\/2025\/08\/AI-768x432.png 768w, https:\/\/abaii.com.vn\/wp-content\/uploads\/2025\/08\/AI-1536x864.png 1536w, https:\/\/abaii.com.vn\/wp-content\/uploads\/2025\/08\/AI-2048x1152.png 2048w, https:\/\/abaii.com.vn\/wp-content\/uploads\/2025\/08\/AI-18x10.png 18w\" sizes=\"(max-width: 3840px) 100vw, 3840px\" \/><\/a>\r\n        <\/div><!-- Featured Image -->\r\n<!-- Entry Date -->\r\n<div class=\"entry-date\">\r\n\ton 11 August 2025 at 18:02<\/div><!-- Entry Date -->\r\n<!-- Entry Title -->\r\n<div class=\"entry-title\">\r\n\t<h4>    \t<a href=\"https:\/\/abaii.com.vn\/en\/ban-tin-ai-hang-tuan-tu-ngay-04-8-10-8-2025\/\" title=\"Permalink to B\u1ea3n tin AI h\u00e0ng tu\u1ea7n (t\u1eeb ng\u00e0y 04\/8 &#8211; 10\/8\/2025)\">B\u1ea3n tin AI h\u00e0ng tu\u1ea7n (t\u1eeb ng\u00e0y 04\/8 &#8211; 10\/8\/2025)<\/a>\r\n\t<\/h4>\r\n<\/div><!-- Entry Title -->\r\n\t<div class=\"entry-body\"><p>B\u1ea3n tin AI do Vi\u1ec7n C\u00f4ng ngh\u1ec7 Blockchain v\u00e0 Tr\u00ed tu\u1ec7 nh\u00e2n t\u1ea1o ABAII...<\/p><\/div>\r\n\r\n<!-- Entry Button --><div class=\"entry-button wdt-core-button\"><a href=\"https:\/\/abaii.com.vn\/en\/ban-tin-ai-hang-tuan-tu-ngay-04-8-10-8-2025\/\" title=\"B\u1ea3n tin AI h\u00e0ng tu\u1ea7n (t\u1eeb ng\u00e0y 04\/8 &#8211; 10\/8\/2025)\" class=\"wdt-button\">>>><span><svg xmlns=\"http:\/\/www.w3.org\/2000\/svg\" xmlns:xlink=\"http:\/\/www.w3.org\/1999\/xlink\" x=\"0px\" y=\"0px\" viewbox=\"0 0 100 59\" style=\"enable-background:new 0 0 100 59;\" xml:space=\"preserve\"><polygon points=\"59.9,6.1 79.4,25.7 6,25.7 6,33.3 79.4,33.3 59.9,52.9 65.3,58.2 94,29.5 65.3,0.8 \"><\/polygon><\/svg><\/span><\/a><\/div><!-- Entry Button --><\/article><\/div><div class=\"entry-grid-layout wdt-overlap-style wdt-scaleout-hover wdt-fixed-overlay alignnone column wdt-one-half wdt-post-entry\"><article id=\"post-4757\" class=\"post-4757 post type-post status-publish format-standard has-post-thumbnail hentry category-weekly-ai-news blog-entry\">\r\n\r\n\r\n\t<!-- Featured Image -->\r\n\t<div class=\"entry-thumb\">\r\n\t\t\r\n<a href=\"https:\/\/abaii.com.vn\/en\/ban-tin-blockchain-hang-tuan-tu-04-08-den-10-08-2025\/\" title=\"Permalink to B\u1ea3n tin Blockchain h\u00e0ng tu\u1ea7n (t\u1eeb 04\/08 \u0111\u1ebfn 10\/08\/2025)\"><img decoding=\"async\" width=\"3840\" height=\"2160\" src=\"https:\/\/abaii.com.vn\/wp-content\/uploads\/2025\/08\/Blockchain.png\" class=\"attachment-wdt-blog-ii-column size-wdt-blog-ii-column wp-post-image\" alt=\"B\u1ea3n tin Blockchain\" srcset=\"https:\/\/abaii.com.vn\/wp-content\/uploads\/2025\/08\/Blockchain.png 3840w, https:\/\/abaii.com.vn\/wp-content\/uploads\/2025\/08\/Blockchain-300x169.png 300w, https:\/\/abaii.com.vn\/wp-content\/uploads\/2025\/08\/Blockchain-1024x576.png 1024w, https:\/\/abaii.com.vn\/wp-content\/uploads\/2025\/08\/Blockchain-768x432.png 768w, https:\/\/abaii.com.vn\/wp-content\/uploads\/2025\/08\/Blockchain-1536x864.png 1536w, https:\/\/abaii.com.vn\/wp-content\/uploads\/2025\/08\/Blockchain-2048x1152.png 2048w, https:\/\/abaii.com.vn\/wp-content\/uploads\/2025\/08\/Blockchain-18x10.png 18w\" sizes=\"(max-width: 3840px) 100vw, 3840px\" \/><\/a>\r\n        <\/div><!-- Featured Image -->\r\n<!-- Entry Date -->\r\n<div class=\"entry-date\">\r\n\ton 11 August 2025 at 17:48<\/div><!-- Entry Date -->\r\n<!-- Entry Title -->\r\n<div class=\"entry-title\">\r\n\t<h4>    \t<a href=\"https:\/\/abaii.com.vn\/en\/ban-tin-blockchain-hang-tuan-tu-04-08-den-10-08-2025\/\" title=\"Permalink to B\u1ea3n tin Blockchain h\u00e0ng tu\u1ea7n (t\u1eeb 04\/08 \u0111\u1ebfn 10\/08\/2025)\">B\u1ea3n tin Blockchain h\u00e0ng tu\u1ea7n (t\u1eeb 04\/08 \u0111\u1ebfn 10\/08\/2025)<\/a>\r\n\t<\/h4>\r\n<\/div><!-- Entry Title -->\r\n\t<div class=\"entry-body\"><p>B\u1ea3n tin Blockchain do Vi\u1ec7n C\u00f4ng ngh\u1ec7 Blockchain v\u00e0 Tr\u00ed tu\u1ec7 nh\u00e2n t\u1ea1o ABAII...<\/p><\/div>\r\n\r\n<!-- Entry Button --><div class=\"entry-button wdt-core-button\"><a href=\"https:\/\/abaii.com.vn\/en\/ban-tin-blockchain-hang-tuan-tu-04-08-den-10-08-2025\/\" title=\"B\u1ea3n tin Blockchain h\u00e0ng tu\u1ea7n (t\u1eeb 04\/08 \u0111\u1ebfn 10\/08\/2025)\" class=\"wdt-button\">>>><span><svg xmlns=\"http:\/\/www.w3.org\/2000\/svg\" xmlns:xlink=\"http:\/\/www.w3.org\/1999\/xlink\" x=\"0px\" y=\"0px\" viewbox=\"0 0 100 59\" style=\"enable-background:new 0 0 100 59;\" xml:space=\"preserve\"><polygon points=\"59.9,6.1 79.4,25.7 6,25.7 6,33.3 79.4,33.3 59.9,52.9 65.3,58.2 94,29.5 65.3,0.8 \"><\/polygon><\/svg><\/span><\/a><\/div><!-- Entry Button --><\/article><\/div><div class=\"entry-grid-layout wdt-overlap-style wdt-scaleout-hover wdt-fixed-overlay alignnone column wdt-one-half wdt-post-entry\"><article id=\"post-4709\" class=\"post-4709 post type-post status-publish format-standard has-post-thumbnail hentry category-weekly-ai-news tag-abaii tag-blockchain blog-entry\">\r\n\r\n\r\n\t<!-- Featured Image -->\r\n\t<div class=\"entry-thumb\">\r\n\t\t\r\n<a href=\"https:\/\/abaii.com.vn\/en\/ban-tin-blockchain-hang-tuan-tu-ngay-07-07-den-ngay-13-07\/\" title=\"Permalink to B\u1ea3n tin Blockchain h\u00e0ng tu\u1ea7n (t\u1eeb ng\u00e0y 07\/07 \u0111\u1ebfn ng\u00e0y 13\/07)\"><img decoding=\"async\" width=\"1280\" height=\"720\" src=\"https:\/\/abaii.com.vn\/wp-content\/uploads\/2025\/07\/WhatsApp-Image-2025-07-15-at-09.56.09.jpeg\" class=\"attachment-wdt-blog-ii-column size-wdt-blog-ii-column wp-post-image\" alt=\"\" srcset=\"https:\/\/abaii.com.vn\/wp-content\/uploads\/2025\/07\/WhatsApp-Image-2025-07-15-at-09.56.09.jpeg 1280w, https:\/\/abaii.com.vn\/wp-content\/uploads\/2025\/07\/WhatsApp-Image-2025-07-15-at-09.56.09-300x169.jpeg 300w, https:\/\/abaii.com.vn\/wp-content\/uploads\/2025\/07\/WhatsApp-Image-2025-07-15-at-09.56.09-1024x576.jpeg 1024w, https:\/\/abaii.com.vn\/wp-content\/uploads\/2025\/07\/WhatsApp-Image-2025-07-15-at-09.56.09-768x432.jpeg 768w, https:\/\/abaii.com.vn\/wp-content\/uploads\/2025\/07\/WhatsApp-Image-2025-07-15-at-09.56.09-18x10.jpeg 18w\" sizes=\"(max-width: 1280px) 100vw, 1280px\" \/><\/a>\r\n        <\/div><!-- Featured Image -->\r\n<!-- Entry Date -->\r\n<div class=\"entry-date\">\r\n\ton 14 July 2025 at 18:58<\/div><!-- Entry Date -->\r\n<!-- Entry Title -->\r\n<div class=\"entry-title\">\r\n\t<h4>    \t<a href=\"https:\/\/abaii.com.vn\/en\/ban-tin-blockchain-hang-tuan-tu-ngay-07-07-den-ngay-13-07\/\" title=\"Permalink to B\u1ea3n tin Blockchain h\u00e0ng tu\u1ea7n (t\u1eeb ng\u00e0y 07\/07 \u0111\u1ebfn ng\u00e0y 13\/07)\">B\u1ea3n tin Blockchain h\u00e0ng tu\u1ea7n (t\u1eeb ng\u00e0y 07\/07 \u0111\u1ebfn ng\u00e0y 13\/07)<\/a>\r\n\t<\/h4>\r\n<\/div><!-- Entry Title -->\r\n\t<div class=\"entry-body\"><p>B\u1ea3n tin blockchain do Vi\u1ec7n C\u00f4ng ngh\u1ec7 Blockchain v\u00e0 Tr\u00ed tu\u1ec7 nh\u00e2n t\u1ea1o ABAII...<\/p><\/div>\r\n\r\n<!-- Entry Button --><div class=\"entry-button wdt-core-button\"><a href=\"https:\/\/abaii.com.vn\/en\/ban-tin-blockchain-hang-tuan-tu-ngay-07-07-den-ngay-13-07\/\" title=\"B\u1ea3n tin Blockchain h\u00e0ng tu\u1ea7n (t\u1eeb ng\u00e0y 07\/07 \u0111\u1ebfn ng\u00e0y 13\/07)\" class=\"wdt-button\">>>><span><svg xmlns=\"http:\/\/www.w3.org\/2000\/svg\" xmlns:xlink=\"http:\/\/www.w3.org\/1999\/xlink\" x=\"0px\" y=\"0px\" viewbox=\"0 0 100 59\" style=\"enable-background:new 0 0 100 59;\" xml:space=\"preserve\"><polygon points=\"59.9,6.1 79.4,25.7 6,25.7 6,33.3 79.4,33.3 59.9,52.9 65.3,58.2 94,29.5 65.3,0.8 \"><\/polygon><\/svg><\/span><\/a><\/div><!-- Entry Button --><\/article><\/div><div class=\"entry-grid-layout wdt-overlap-style wdt-scaleout-hover wdt-fixed-overlay alignnone column wdt-one-half wdt-post-entry\"><article id=\"post-4706\" class=\"post-4706 post type-post status-publish format-standard has-post-thumbnail hentry category-weekly-ai-news tag-ai-2 tag-blockchain blog-entry\">\r\n\r\n\r\n\t<!-- Featured Image -->\r\n\t<div class=\"entry-thumb\">\r\n\t\t\r\n<a href=\"https:\/\/abaii.com.vn\/en\/ban-tin-ai-hang-tuan-tu-ngay-07-07-den-ngay-13-07\/\" title=\"Permalink to B\u1ea3n tin AI h\u00e0ng tu\u1ea7n (t\u1eeb ng\u00e0y 07\/07 \u0111\u1ebfn ng\u00e0y 13\/07)\"><img loading=\"lazy\" decoding=\"async\" width=\"1280\" height=\"720\" src=\"https:\/\/abaii.com.vn\/wp-content\/uploads\/2025\/07\/WhatsApp-Image-2025-07-15-at-09.55.21.jpeg\" class=\"attachment-wdt-blog-ii-column size-wdt-blog-ii-column wp-post-image\" alt=\"\" srcset=\"https:\/\/abaii.com.vn\/wp-content\/uploads\/2025\/07\/WhatsApp-Image-2025-07-15-at-09.55.21.jpeg 1280w, https:\/\/abaii.com.vn\/wp-content\/uploads\/2025\/07\/WhatsApp-Image-2025-07-15-at-09.55.21-300x169.jpeg 300w, https:\/\/abaii.com.vn\/wp-content\/uploads\/2025\/07\/WhatsApp-Image-2025-07-15-at-09.55.21-1024x576.jpeg 1024w, https:\/\/abaii.com.vn\/wp-content\/uploads\/2025\/07\/WhatsApp-Image-2025-07-15-at-09.55.21-768x432.jpeg 768w, https:\/\/abaii.com.vn\/wp-content\/uploads\/2025\/07\/WhatsApp-Image-2025-07-15-at-09.55.21-18x10.jpeg 18w\" sizes=\"(max-width: 1280px) 100vw, 1280px\" \/><\/a>\r\n        <\/div><!-- Featured Image -->\r\n<!-- Entry Date -->\r\n<div class=\"entry-date\">\r\n\ton 14 July 2025 at 18:45<\/div><!-- Entry Date -->\r\n<!-- Entry Title -->\r\n<div class=\"entry-title\">\r\n\t<h4>    \t<a href=\"https:\/\/abaii.com.vn\/en\/ban-tin-ai-hang-tuan-tu-ngay-07-07-den-ngay-13-07\/\" title=\"Permalink to B\u1ea3n tin AI h\u00e0ng tu\u1ea7n (t\u1eeb ng\u00e0y 07\/07 \u0111\u1ebfn ng\u00e0y 13\/07)\">B\u1ea3n tin AI h\u00e0ng tu\u1ea7n (t\u1eeb ng\u00e0y 07\/07 \u0111\u1ebfn ng\u00e0y 13\/07)<\/a>\r\n\t<\/h4>\r\n<\/div><!-- Entry Title -->\r\n\t<div class=\"entry-body\"><p>B\u1ea3n tin AI do Vi\u1ec7n C\u00f4ng ngh\u1ec7 Blockchain v\u00e0 Tr\u00ed tu\u1ec7 nh\u00e2n t\u1ea1o ABAII...<\/p><\/div>\r\n\r\n<!-- Entry Button --><div class=\"entry-button wdt-core-button\"><a href=\"https:\/\/abaii.com.vn\/en\/ban-tin-ai-hang-tuan-tu-ngay-07-07-den-ngay-13-07\/\" title=\"B\u1ea3n tin AI h\u00e0ng tu\u1ea7n (t\u1eeb ng\u00e0y 07\/07 \u0111\u1ebfn ng\u00e0y 13\/07)\" class=\"wdt-button\">>>><span><svg xmlns=\"http:\/\/www.w3.org\/2000\/svg\" xmlns:xlink=\"http:\/\/www.w3.org\/1999\/xlink\" x=\"0px\" y=\"0px\" viewbox=\"0 0 100 59\" style=\"enable-background:new 0 0 100 59;\" xml:space=\"preserve\"><polygon points=\"59.9,6.1 79.4,25.7 6,25.7 6,33.3 79.4,33.3 59.9,52.9 65.3,58.2 94,29.5 65.3,0.8 \"><\/polygon><\/svg><\/span><\/a><\/div><!-- Entry Button --><\/article><\/div><div class=\"entry-grid-layout wdt-overlap-style wdt-scaleout-hover wdt-fixed-overlay alignnone column wdt-one-half wdt-post-entry\"><article id=\"post-4702\" class=\"post-4702 post type-post status-publish format-standard has-post-thumbnail hentry category-weekly-ai-news blog-entry\">\r\n\r\n\r\n\t<!-- Featured Image -->\r\n\t<div class=\"entry-thumb\">\r\n\t\t\r\n<a href=\"https:\/\/abaii.com.vn\/en\/ban-tin-blockchain-hang-tuan-tu-30-6-den-6-7-2025\/\" title=\"Permalink to B\u1ea3n tin Blockchain h\u00e0ng tu\u1ea7n (t\u1eeb 30\/6 \u0111\u1ebfn 6\/7\/2025)\"><img loading=\"lazy\" decoding=\"async\" width=\"2880\" height=\"1620\" src=\"https:\/\/abaii.com.vn\/wp-content\/uploads\/2025\/07\/Ban-tin-Blockchain-306-67.png\" class=\"attachment-wdt-blog-ii-column size-wdt-blog-ii-column wp-post-image\" alt=\"B\u1ea3n tin Blockchain\" srcset=\"https:\/\/abaii.com.vn\/wp-content\/uploads\/2025\/07\/Ban-tin-Blockchain-306-67.png 2880w, https:\/\/abaii.com.vn\/wp-content\/uploads\/2025\/07\/Ban-tin-Blockchain-306-67-300x169.png 300w, https:\/\/abaii.com.vn\/wp-content\/uploads\/2025\/07\/Ban-tin-Blockchain-306-67-1024x576.png 1024w, https:\/\/abaii.com.vn\/wp-content\/uploads\/2025\/07\/Ban-tin-Blockchain-306-67-768x432.png 768w, https:\/\/abaii.com.vn\/wp-content\/uploads\/2025\/07\/Ban-tin-Blockchain-306-67-1536x864.png 1536w, https:\/\/abaii.com.vn\/wp-content\/uploads\/2025\/07\/Ban-tin-Blockchain-306-67-2048x1152.png 2048w, https:\/\/abaii.com.vn\/wp-content\/uploads\/2025\/07\/Ban-tin-Blockchain-306-67-18x10.png 18w\" sizes=\"(max-width: 2880px) 100vw, 2880px\" \/><\/a>\r\n        <\/div><!-- Featured Image -->\r\n<!-- Entry Date -->\r\n<div class=\"entry-date\">\r\n\ton 7 July 2025 at 23:17<\/div><!-- Entry Date -->\r\n<!-- Entry Title -->\r\n<div class=\"entry-title\">\r\n\t<h4>    \t<a href=\"https:\/\/abaii.com.vn\/en\/ban-tin-blockchain-hang-tuan-tu-30-6-den-6-7-2025\/\" title=\"Permalink to B\u1ea3n tin Blockchain h\u00e0ng tu\u1ea7n (t\u1eeb 30\/6 \u0111\u1ebfn 6\/7\/2025)\">B\u1ea3n tin Blockchain h\u00e0ng tu\u1ea7n (t\u1eeb 30\/6 \u0111\u1ebfn 6\/7\/2025)<\/a>\r\n\t<\/h4>\r\n<\/div><!-- Entry Title -->\r\n\t<div class=\"entry-body\"><p>B\u1ea3n tin blockchain do Vi\u1ec7n C\u00f4ng ngh\u1ec7 Blockchain v\u00e0 Tr\u00ed tu\u1ec7 nh\u00e2n t\u1ea1o ABAII...<\/p><\/div>\r\n\r\n<!-- Entry Button --><div class=\"entry-button wdt-core-button\"><a href=\"https:\/\/abaii.com.vn\/en\/ban-tin-blockchain-hang-tuan-tu-30-6-den-6-7-2025\/\" title=\"B\u1ea3n tin Blockchain h\u00e0ng tu\u1ea7n (t\u1eeb 30\/6 \u0111\u1ebfn 6\/7\/2025)\" class=\"wdt-button\">>>><span><svg xmlns=\"http:\/\/www.w3.org\/2000\/svg\" xmlns:xlink=\"http:\/\/www.w3.org\/1999\/xlink\" x=\"0px\" y=\"0px\" viewbox=\"0 0 100 59\" style=\"enable-background:new 0 0 100 59;\" xml:space=\"preserve\"><polygon points=\"59.9,6.1 79.4,25.7 6,25.7 6,33.3 79.4,33.3 59.9,52.9 65.3,58.2 94,29.5 65.3,0.8 \"><\/polygon><\/svg><\/span><\/a><\/div><!-- Entry Button --><\/article><\/div><div class=\"entry-grid-layout wdt-overlap-style wdt-scaleout-hover wdt-fixed-overlay alignnone column wdt-one-half wdt-post-entry\"><article id=\"post-4699\" class=\"post-4699 post type-post status-publish format-standard has-post-thumbnail hentry category-weekly-ai-news blog-entry\">\r\n\r\n\r\n\t<!-- Featured Image -->\r\n\t<div class=\"entry-thumb\">\r\n\t\t\r\n<a href=\"https:\/\/abaii.com.vn\/en\/ban-tin-ai-hang-tuan-tu-ngay-30-6-6-7-2025\/\" title=\"Permalink to B\u1ea3n tin AI h\u00e0ng tu\u1ea7n (t\u1eeb ng\u00e0y 30\/6 &#8211; 6\/7\/2025)\"><img loading=\"lazy\" decoding=\"async\" width=\"2880\" height=\"1620\" src=\"https:\/\/abaii.com.vn\/wp-content\/uploads\/2025\/07\/Ban-tin-AI-3006-67.png\" class=\"attachment-wdt-blog-ii-column size-wdt-blog-ii-column wp-post-image\" alt=\"B\u1ea3n tin AI\" srcset=\"https:\/\/abaii.com.vn\/wp-content\/uploads\/2025\/07\/Ban-tin-AI-3006-67.png 2880w, https:\/\/abaii.com.vn\/wp-content\/uploads\/2025\/07\/Ban-tin-AI-3006-67-300x169.png 300w, https:\/\/abaii.com.vn\/wp-content\/uploads\/2025\/07\/Ban-tin-AI-3006-67-1024x576.png 1024w, https:\/\/abaii.com.vn\/wp-content\/uploads\/2025\/07\/Ban-tin-AI-3006-67-768x432.png 768w, https:\/\/abaii.com.vn\/wp-content\/uploads\/2025\/07\/Ban-tin-AI-3006-67-1536x864.png 1536w, https:\/\/abaii.com.vn\/wp-content\/uploads\/2025\/07\/Ban-tin-AI-3006-67-2048x1152.png 2048w, https:\/\/abaii.com.vn\/wp-content\/uploads\/2025\/07\/Ban-tin-AI-3006-67-18x10.png 18w\" sizes=\"(max-width: 2880px) 100vw, 2880px\" \/><\/a>\r\n        <\/div><!-- Featured Image -->\r\n<!-- Entry Date -->\r\n<div class=\"entry-date\">\r\n\ton 7 July 2025 at 23:00<\/div><!-- Entry Date -->\r\n<!-- Entry Title -->\r\n<div class=\"entry-title\">\r\n\t<h4>    \t<a href=\"https:\/\/abaii.com.vn\/en\/ban-tin-ai-hang-tuan-tu-ngay-30-6-6-7-2025\/\" title=\"Permalink to B\u1ea3n tin AI h\u00e0ng tu\u1ea7n (t\u1eeb ng\u00e0y 30\/6 &#8211; 6\/7\/2025)\">B\u1ea3n tin AI h\u00e0ng tu\u1ea7n (t\u1eeb ng\u00e0y 30\/6 &#8211; 6\/7\/2025)<\/a>\r\n\t<\/h4>\r\n<\/div><!-- Entry Title -->\r\n\t<div class=\"entry-body\"><p>B\u1ea3n tin AI do Vi\u1ec7n C\u00f4ng ngh\u1ec7 Blockchain v\u00e0 Tr\u00ed tu\u1ec7 nh\u00e2n t\u1ea1o ABAII...<\/p><\/div>\r\n\r\n<!-- Entry Button --><div class=\"entry-button wdt-core-button\"><a href=\"https:\/\/abaii.com.vn\/en\/ban-tin-ai-hang-tuan-tu-ngay-30-6-6-7-2025\/\" title=\"B\u1ea3n tin AI h\u00e0ng tu\u1ea7n (t\u1eeb ng\u00e0y 30\/6 &#8211; 6\/7\/2025)\" class=\"wdt-button\">>>><span><svg xmlns=\"http:\/\/www.w3.org\/2000\/svg\" xmlns:xlink=\"http:\/\/www.w3.org\/1999\/xlink\" x=\"0px\" y=\"0px\" viewbox=\"0 0 100 59\" style=\"enable-background:new 0 0 100 59;\" xml:space=\"preserve\"><polygon points=\"59.9,6.1 79.4,25.7 6,25.7 6,33.3 79.4,33.3 59.9,52.9 65.3,58.2 94,29.5 65.3,0.8 \"><\/polygon><\/svg><\/span><\/a><\/div><!-- Entry Button --><\/article><\/div><\/div><div class=\"pagination blog-pagination\"><div class=\"column one pager_wrapper\"><ul class='page-numbers'>\n\t<li><span aria-current=\"page\" class=\"page-numbers current\">01<\/span><\/li>\n\t<li><a class=\"page-numbers\" href=\"https:\/\/abaii.com.vn\/en\/wp-json\/wp\/v2\/pages\/657\/page\/2\/\">02<\/a><\/li>\n\t<li><a class=\"page-numbers\" href=\"https:\/\/abaii.com.vn\/en\/wp-json\/wp\/v2\/pages\/657\/page\/3\/\">03<\/a><\/li>\n\t<li><span class=\"page-numbers dots\">&hellip;<\/span><\/li>\n\t<li><a class=\"page-numbers\" href=\"https:\/\/abaii.com.vn\/en\/wp-json\/wp\/v2\/pages\/657\/page\/9\/\">09<\/a><\/li>\n\t<li><a class=\"next page-numbers\" href=\"https:\/\/abaii.com.vn\/en\/wp-json\/wp\/v2\/pages\/657\/page\/2\/\">Trang sau<span><i class=\"fa fa-circle\" aria-hidden=\"true\"><\/i><\/span><\/a><\/li>\n<\/ul>\n<\/div>\n<\/div><\/div>\t\t\t\t<\/div>\n\t\t\t\t<\/div>\n\t\t\t\t\t<\/div>\n\t\t<\/div>\n\t\t\t\t\t<\/div>\n\t\t<\/section>\n\t\t\t\t\t<\/div>\n\t\t<\/div>\n\t\t\t\t\t<\/div>\n\t\t<\/section>\n\t\t\t\t<\/div>","protected":false},"excerpt":{"rendered":"<p>on 4 Th\u00e1ng N\u0103m 2024 at 15:10 M\u1ed9t s\u1ed1 t\u00ednh n\u0103ng AI kh\u1ea3 n\u0103ng cao s\u1ebd \u0111\u01b0\u1ee3c t\u00edch h\u1ee3p v\u00e0o Safari tr\u00ean iOS 18 Theo tin \u0111\u1ed3n m\u1edbi nh\u1ea5t, Apple \u0111ang th\u1eed nghi\u1ec7m v\u00e0i t\u00ednh n\u0103ng m\u1edbi cho\u00a0Safari\u00a0tr\u00ean&#8230; >>><\/p>","protected":false},"author":1,"featured_media":0,"parent":0,"menu_order":0,"comment_status":"closed","ping_status":"closed","template":"elementor_theme","meta":{"ngg_post_thumbnail":0,"footnotes":""},"class_list":["post-657","page","type-page","status-publish","hentry","blog-entry","format-standard"],"aioseo_notices":[],"_links":{"self":[{"href":"https:\/\/abaii.com.vn\/en\/wp-json\/wp\/v2\/pages\/657","targetHints":{"allow":["GET"]}}],"collection":[{"href":"https:\/\/abaii.com.vn\/en\/wp-json\/wp\/v2\/pages"}],"about":[{"href":"https:\/\/abaii.com.vn\/en\/wp-json\/wp\/v2\/types\/page"}],"author":[{"embeddable":true,"href":"https:\/\/abaii.com.vn\/en\/wp-json\/wp\/v2\/users\/1"}],"replies":[{"embeddable":true,"href":"https:\/\/abaii.com.vn\/en\/wp-json\/wp\/v2\/comments?post=657"}],"version-history":[{"count":8,"href":"https:\/\/abaii.com.vn\/en\/wp-json\/wp\/v2\/pages\/657\/revisions"}],"predecessor-version":[{"id":2632,"href":"https:\/\/abaii.com.vn\/en\/wp-json\/wp\/v2\/pages\/657\/revisions\/2632"}],"wp:attachment":[{"href":"https:\/\/abaii.com.vn\/en\/wp-json\/wp\/v2\/media?parent=657"}],"curies":[{"name":"wp","href":"https:\/\/api.w.org\/{rel}","templated":true}]}}